{"id":11057,"date":"2023-10-02T14:16:58","date_gmt":"2023-10-02T12:16:58","guid":{"rendered":"https:\/\/coffeefactorysk.cz\/?post_type=product&#038;p=11057"},"modified":"2023-10-02T14:27:58","modified_gmt":"2023-10-02T12:27:58","slug":"bmf600bss","status":"publish","type":"product","link":"https:\/\/coffeefactorysk.cz\/en\/produkt\/bmf600bss\/","title":{"rendered":"Induk\u010dn\u00fd peni\u010d mlieka BMF600BSS"},"content":{"rendered":"<div class=\"wpb-content-wrapper\"><p>[vc_row css=&#8221;.vc_custom_1636979247058{margin-bottom: 50px !important;}&#8221; woodmart_css_id=&#8221;61925220b02e3&#8243; responsive_spacing=&#8221;eyJwYXJhbV90eXBlIjoid29vZG1hcnRfcmVzcG9uc2l2ZV9zcGFjaW5nIiwic2VsZWN0b3JfaWQiOiI2MTkyNTIyMGIwMmUzIiwic2hvcnRjb2RlIjoidmNfcm93IiwiZGF0YSI6eyJ0YWJsZXQiOnsibWFyZ2luLWJvdHRvbSI6IjQwIn0sIm1vYmlsZSI6eyJtYXJnaW4tYm90dG9tIjoiMjAifX19&#8243; mobile_bg_img_hidden=&#8221;no&#8221; tablet_bg_img_hidden=&#8221;no&#8221; woodmart_parallax=&#8221;0&#8243; woodmart_gradient_switch=&#8221;no&#8221; woodmart_box_shadow=&#8221;no&#8221; wd_z_index=&#8221;no&#8221; woodmart_disable_overflow=&#8221;0&#8243; row_reverse_mobile=&#8221;0&#8243; row_reverse_tablet=&#8221;0&#8243;][vc_column css=&#8221;.vc_custom_1508143071646{padding-top: 0px !important;}&#8221;]\t\t<div id=\"wd-69f304e656b84\" class=\"wd-timeline-wrapper wd-item-shadow wd-line-dashed wd-rs-69f304e656b84 \">\n\t\t\t<div class=\"woodmart-timeline-line\">\n\t\t\t\t<span class=\"line-dot dot-start\"><\/span>\n\t\t\t\t<span class=\"line-dot dot-end\"><\/span>\n\t\t\t<\/div>\n\t\t\t<div class=\"wd-timeline\">\n\t\t\t\t\t\t<div id=\"wd-651ab4d082c8a\" class=\"wd-timeline-breakpoint\">\n\t\t\t<span class=\"woodmart-timeline-breakpoint-title\">Podsvieten\u00fd oto\u010dn\u00fd ovl\u00e1da\u010d<\/span>\n\t\t\t\t\t<\/div>\n\t\t\t\t<div id=\"wd-651ab6b782042\" class=\"wd-timeline-item wd-item-position-left text-larger\">\n\n\t\t\t<div class=\"woodmart-timeline-dot\"><\/div>\n\n\t\t\t<div class=\"timeline-col timeline-col-primary\">\n\t\t\t\t<span class=\"timeline-arrow\"><\/span>\n\t\t\t\t\t\t\t\t<h4 class=\"wd-timeline-title\"><\/h4>\n\t\t\t\t<div class=\"wd-timeline-content set-cont-mb-s reset-last-child\"><\/p>\n<p style=\"text-align: left;\">Multifunk\u010dn\u00fd oto\u010dn\u00fd ovl\u00e1da\u010d sl\u00fa\u017ei na ovl\u00e1danie pr\u00edstroja a nastavenie teploty. Jednoduch\u00fdm stla\u010den\u00edm oto\u010dn\u00e9ho ovl\u00e1da\u010da spust\u00edte\/zastav\u00edte ohrev tekutiny. Oto\u010den\u00edm ovl\u00e1da\u010da m\u00f4\u017eete nastavi\u0165 teplotu pripravovanej tekutiny v rozmedz\u00ed od 40 do 80 \u00b0C.<\/p>\n<p>&nbsp;<\/p>\n<p style=\"text-align: left;\">Vo\u013eba COLD STIR umo\u017e\u0148uje pr\u00edpravu n\u00e1poja bez nutnosti ohrevu tekutiny. T\u00e1to funkcia je ide\u00e1lna na pr\u00edpravu osvie\u017euj\u00facich studen\u00fdch n\u00e1pojov alebo iba na rozpustenie ingredienci\u00ed.<\/p>\n<p><\/div>\n\t\t\t<\/div>\n\n\t\t\t<div class=\"timeline-col timeline-col-secondary\">\t\n\t\t\t\t<span class=\"timeline-arrow\"><\/span>\n\t\t\t\t\t\t\t\t\t<div class=\"wd-timeline-image\" >\n\t\t\t\t\t\t<img decoding=\"async\" width=\"1500\" height=\"900\" src=\"https:\/\/coffeefactorysk.cz\/wp-content\/uploads\/2023\/10\/9bde703f-f057-486e-9c04-a676fd2892a9.jpg\" class=\"attachment-full size-full\" alt=\"\" srcset=\"https:\/\/coffeefactorysk.cz\/wp-content\/uploads\/2023\/10\/9bde703f-f057-486e-9c04-a676fd2892a9.jpg 1500w, https:\/\/coffeefactorysk.cz\/wp-content\/uploads\/2023\/10\/9bde703f-f057-486e-9c04-a676fd2892a9-400x240.jpg 400w, https:\/\/coffeefactorysk.cz\/wp-content\/uploads\/2023\/10\/9bde703f-f057-486e-9c04-a676fd2892a9-1300x780.jpg 1300w, https:\/\/coffeefactorysk.cz\/wp-content\/uploads\/2023\/10\/9bde703f-f057-486e-9c04-a676fd2892a9-768x461.jpg 768w, https:\/\/coffeefactorysk.cz\/wp-content\/uploads\/2023\/10\/9bde703f-f057-486e-9c04-a676fd2892a9-860x516.jpg 860w, https:\/\/coffeefactorysk.cz\/wp-content\/uploads\/2023\/10\/9bde703f-f057-486e-9c04-a676fd2892a9-100x60.jpg 100w, https:\/\/coffeefactorysk.cz\/wp-content\/uploads\/2023\/10\/9bde703f-f057-486e-9c04-a676fd2892a9-430x258.jpg 430w, https:\/\/coffeefactorysk.cz\/wp-content\/uploads\/2023\/10\/9bde703f-f057-486e-9c04-a676fd2892a9-700x420.jpg 700w, https:\/\/coffeefactorysk.cz\/wp-content\/uploads\/2023\/10\/9bde703f-f057-486e-9c04-a676fd2892a9-150x90.jpg 150w\" sizes=\"(max-width: 1500px) 100vw, 1500px\" \/>\t\t\t\t\t<\/div>\n\t\t\t\t\t\t\t\t<h4 class=\"wd-timeline-title\"><\/h4>\n\t\t\t\t<div class=\"wd-timeline-content set-cont-mb-s reset-last-child\"><\/div>\n\t\t\t<\/div>\n\t\t\t\t\t<\/div>\n\t\t\t\t<div id=\"wd-651ab4e902ae8\" class=\"wd-timeline-breakpoint\">\n\t\t\t<span class=\"woodmart-timeline-breakpoint-title\">Pr\u00edslu\u0161enstvo<\/span>\n\t\t\t\t\t<\/div>\n\t\t\t\t<div id=\"wd-651ab6dd40b5e\" class=\"wd-timeline-item wd-item-position-right text-larger\">\n\n\t\t\t<div class=\"woodmart-timeline-dot\"><\/div>\n\n\t\t\t<div class=\"timeline-col timeline-col-primary\">\n\t\t\t\t<span class=\"timeline-arrow\"><\/span>\n\t\t\t\t\t\t\t\t<h4 class=\"wd-timeline-title\"><\/h4>\n\t\t\t\t<div class=\"wd-timeline-content set-cont-mb-s reset-last-child\"><\/p>\n<p style=\"text-align: left;\"><strong>N\u00e1stavce na napenenie<\/strong> &#8211; peni\u010d mlieka je dod\u00e1van\u00fd s dvomi n\u00e1stavcami na napenenie, ktor\u00e9 umo\u017e\u0148uj\u00fa pohodlne a r\u00fdchlo pripravi\u0165 vami vybran\u00fd n\u00e1poj. N\u00e1stavec Cappuccino je vhodn\u00fd na pr\u00edpravu hust\u00e9ho a kr\u00e9mov\u00e9ho mlieka, napr. na cappuccino, zatia\u013e \u010do n\u00e1stavec Latt\u00e9 je vhodn\u00fd na pr\u00edpravu jemn\u00e9ho a nad\u00fdchan\u00e9ho mlieka, ktor\u00e9 je potrebn\u00e9 na pr\u00edprave ob\u013e\u00faben\u00e9ho latt\u00e9.<\/p>\n<p>&nbsp;<\/p>\n<p style=\"text-align: left;\">Pr\u00edstroj je navy\u0161e vybaven\u00fd <strong>praktick\u00fdm \u00falo\u017en\u00fdm priestorom<\/strong> na jeden n\u00e1stavec, ktor\u00fd sa nach\u00e1dza v zadnej \u010dasti pr\u00edstroja.<\/p>\n<p>&nbsp;<\/p>\n<p style=\"text-align: left;\"><strong>Praktick\u00e1 odmerka<\/strong> &#8211; vo vie\u010dku nerezovej kanvi\u010dky je zabudovan\u00e1 praktick\u00e1 vyberate\u013en\u00e1 odmerka, pomocou ktorej m\u00f4\u017eete nav\u00e1\u017ei\u0165 a prid\u00e1va\u0165 pr\u00edsady aj po\u010das pr\u00edpravy.<\/p>\n<p><\/div>\n\t\t\t<\/div>\n\n\t\t\t<div class=\"timeline-col timeline-col-secondary\">\t\n\t\t\t\t<span class=\"timeline-arrow\"><\/span>\n\t\t\t\t\t\t\t\t\t<div class=\"wd-timeline-image\" >\n\t\t\t\t\t\t<img decoding=\"async\" width=\"1500\" height=\"900\" src=\"https:\/\/coffeefactorysk.cz\/wp-content\/uploads\/2023\/10\/6e410e7f-81a2-42dc-af4b-e6ac0ba98719.jpg\" class=\"attachment-full size-full\" alt=\"\" srcset=\"https:\/\/coffeefactorysk.cz\/wp-content\/uploads\/2023\/10\/6e410e7f-81a2-42dc-af4b-e6ac0ba98719.jpg 1500w, https:\/\/coffeefactorysk.cz\/wp-content\/uploads\/2023\/10\/6e410e7f-81a2-42dc-af4b-e6ac0ba98719-400x240.jpg 400w, https:\/\/coffeefactorysk.cz\/wp-content\/uploads\/2023\/10\/6e410e7f-81a2-42dc-af4b-e6ac0ba98719-1300x780.jpg 1300w, https:\/\/coffeefactorysk.cz\/wp-content\/uploads\/2023\/10\/6e410e7f-81a2-42dc-af4b-e6ac0ba98719-768x461.jpg 768w, https:\/\/coffeefactorysk.cz\/wp-content\/uploads\/2023\/10\/6e410e7f-81a2-42dc-af4b-e6ac0ba98719-860x516.jpg 860w, https:\/\/coffeefactorysk.cz\/wp-content\/uploads\/2023\/10\/6e410e7f-81a2-42dc-af4b-e6ac0ba98719-100x60.jpg 100w, https:\/\/coffeefactorysk.cz\/wp-content\/uploads\/2023\/10\/6e410e7f-81a2-42dc-af4b-e6ac0ba98719-430x258.jpg 430w, https:\/\/coffeefactorysk.cz\/wp-content\/uploads\/2023\/10\/6e410e7f-81a2-42dc-af4b-e6ac0ba98719-700x420.jpg 700w, https:\/\/coffeefactorysk.cz\/wp-content\/uploads\/2023\/10\/6e410e7f-81a2-42dc-af4b-e6ac0ba98719-150x90.jpg 150w\" sizes=\"(max-width: 1500px) 100vw, 1500px\" \/>\t\t\t\t\t<\/div>\n\t\t\t\t\t\t\t\t<h4 class=\"wd-timeline-title\"><\/h4>\n\t\t\t\t<div class=\"wd-timeline-content set-cont-mb-s reset-last-child\"><\/div>\n\t\t\t<\/div>\n\t\t\t\t\t<\/div>\n\t\t\t\t\t<\/div>\n\t\t\t\t\t<\/div>\n\t\t[\/vc_column][\/vc_row]<\/p>\n<\/div>","protected":false},"excerpt":{"rendered":"<pre id=\"tw-target-text\" class=\"tw-data-text tw-text-large tw-ta\" dir=\"ltr\" data-placeholder=\"Preklad\"><span class=\"Y2IQFc\" lang=\"sk\"><strong>Ohrev tekutiny v nerezovej kanvi\u010dke zabezpe\u010duje induk\u010dn\u00e1 technol\u00f3gia. \r\n\r\nV\u010faka nej doch\u00e1dza k rovnomern\u00e9mu a r\u00fdchlemu rozprestreniu tepla v kanvi\u010dke.\r\n<\/strong>\r\n\r\nTento v\u00fdrobok mal v minulosti ozna\u010denie Catler MF 8010\r\n<\/span><\/pre>\n","protected":false},"featured_media":11062,"comment_status":"open","ping_status":"closed","template":"","meta":[],"product_cat":[173,174],"product_tag":[],"class_list":{"0":"post-11057","1":"product","2":"type-product","3":"status-publish","4":"has-post-thumbnail","6":"product_cat-kavovary","7":"product_cat-kavovary-a-mlynceky","9":"first","10":"instock","11":"taxable","12":"shipping-taxable","13":"product-type-simple"},"yoast_head":"<!-- This site is optimized with the Yoast SEO plugin v21.0 - https:\/\/yoast.com\/wordpress\/plugins\/seo\/ -->\n<title>Induk\u010dn\u00fd peni\u010d mlieka BMF600BSS - coffeefactory.sk<\/title>\n<meta name=\"robots\" content=\"index, follow, max-snippet:-1, max-image-preview:large, max-video-preview:-1\" \/>\n<link rel=\"canonical\" href=\"https:\/\/coffeefactorysk.cz\/produkt\/bmf600bss\/\" \/>\n<meta property=\"og:locale\" content=\"en_US\" \/>\n<meta property=\"og:type\" content=\"article\" \/>\n<meta property=\"og:title\" content=\"Induk\u010dn\u00fd peni\u010d mlieka BMF600BSS - coffeefactory.sk\" \/>\n<meta property=\"og:description\" content=\"Ohrev tekutiny v nerezovej kanvi\u010dke zabezpe\u010duje induk\u010dn\u00e1 technol\u00f3gia.   V\u010faka nej doch\u00e1dza k rovnomern\u00e9mu a r\u00fdchlemu rozprestreniu tepla v kanvi\u010dke.   Tento v\u00fdrobok mal v minulosti ozna\u010denie Catler MF 8010\" \/>\n<meta property=\"og:url\" content=\"https:\/\/coffeefactorysk.cz\/produkt\/bmf600bss\/\" \/>\n<meta property=\"og:site_name\" content=\"coffeefactory.sk\" \/>\n<meta property=\"article:modified_time\" content=\"2023-10-02T12:27:58+00:00\" \/>\n<meta property=\"og:image\" content=\"https:\/\/coffeefactorysk.cz\/wp-content\/uploads\/2023\/10\/ce6a4797-6368-409a-9197-a2d96b56860a.jpg\" \/>\n\t<meta property=\"og:image:width\" content=\"1700\" \/>\n\t<meta property=\"og:image:height\" content=\"1700\" \/>\n\t<meta property=\"og:image:type\" content=\"image\/jpeg\" \/>\n<meta name=\"twitter:card\" content=\"summary_large_image\" \/>\n<meta name=\"twitter:label1\" content=\"Est. reading time\" \/>\n\t<meta name=\"twitter:data1\" content=\"2 minutes\" \/>\n<script type=\"application\/ld+json\" class=\"yoast-schema-graph\">{\"@context\":\"https:\/\/schema.org\",\"@graph\":[{\"@type\":\"WebPage\",\"@id\":\"https:\/\/coffeefactorysk.cz\/produkt\/bmf600bss\/\",\"url\":\"https:\/\/coffeefactorysk.cz\/produkt\/bmf600bss\/\",\"name\":\"Induk\u010dn\u00fd peni\u010d mlieka BMF600BSS - coffeefactory.sk\",\"isPartOf\":{\"@id\":\"https:\/\/coffeefactorysk.cz\/#website\"},\"datePublished\":\"2023-10-02T12:16:58+00:00\",\"dateModified\":\"2023-10-02T12:27:58+00:00\",\"breadcrumb\":{\"@id\":\"https:\/\/coffeefactorysk.cz\/produkt\/bmf600bss\/#breadcrumb\"},\"inLanguage\":\"en-US\",\"potentialAction\":[{\"@type\":\"ReadAction\",\"target\":[\"https:\/\/coffeefactorysk.cz\/produkt\/bmf600bss\/\"]}]},{\"@type\":\"BreadcrumbList\",\"@id\":\"https:\/\/coffeefactorysk.cz\/produkt\/bmf600bss\/#breadcrumb\",\"itemListElement\":[{\"@type\":\"ListItem\",\"position\":1,\"name\":\"Domovsk\u00e1 str\u00e1nka\",\"item\":\"https:\/\/coffeefactorysk.cz\/\"},{\"@type\":\"ListItem\",\"position\":2,\"name\":\"Produkty\",\"item\":\"https:\/\/coffeefactorysk.cz\/obchod\/\"},{\"@type\":\"ListItem\",\"position\":3,\"name\":\"Induk\u010dn\u00fd peni\u010d mlieka BMF600BSS\"}]},{\"@type\":\"WebSite\",\"@id\":\"https:\/\/coffeefactorysk.cz\/#website\",\"url\":\"https:\/\/coffeefactorysk.cz\/\",\"name\":\"coffeefactory.sk\",\"description\":\"Eshop s kvalitnou k\u00e1vou\",\"potentialAction\":[{\"@type\":\"SearchAction\",\"target\":{\"@type\":\"EntryPoint\",\"urlTemplate\":\"https:\/\/coffeefactorysk.cz\/?s={search_term_string}\"},\"query-input\":\"required name=search_term_string\"}],\"inLanguage\":\"en-US\"}]}<\/script>\n<!-- \/ Yoast SEO plugin. -->","yoast_head_json":{"title":"Induk\u010dn\u00fd peni\u010d mlieka BMF600BSS - coffeefactory.sk","robots":{"index":"index","follow":"follow","max-snippet":"max-snippet:-1","max-image-preview":"max-image-preview:large","max-video-preview":"max-video-preview:-1"},"canonical":"https:\/\/coffeefactorysk.cz\/produkt\/bmf600bss\/","og_locale":"en_US","og_type":"article","og_title":"Induk\u010dn\u00fd peni\u010d mlieka BMF600BSS - coffeefactory.sk","og_description":"Ohrev tekutiny v nerezovej kanvi\u010dke zabezpe\u010duje induk\u010dn\u00e1 technol\u00f3gia.   V\u010faka nej doch\u00e1dza k rovnomern\u00e9mu a r\u00fdchlemu rozprestreniu tepla v kanvi\u010dke.   Tento v\u00fdrobok mal v minulosti ozna\u010denie Catler MF 8010","og_url":"https:\/\/coffeefactorysk.cz\/produkt\/bmf600bss\/","og_site_name":"coffeefactory.sk","article_modified_time":"2023-10-02T12:27:58+00:00","og_image":[{"width":1700,"height":1700,"url":"https:\/\/coffeefactorysk.cz\/wp-content\/uploads\/2023\/10\/ce6a4797-6368-409a-9197-a2d96b56860a.jpg","type":"image\/jpeg"}],"twitter_card":"summary_large_image","twitter_misc":{"Est. reading time":"2 minutes"},"schema":{"@context":"https:\/\/schema.org","@graph":[{"@type":"WebPage","@id":"https:\/\/coffeefactorysk.cz\/produkt\/bmf600bss\/","url":"https:\/\/coffeefactorysk.cz\/produkt\/bmf600bss\/","name":"Induk\u010dn\u00fd peni\u010d mlieka BMF600BSS - coffeefactory.sk","isPartOf":{"@id":"https:\/\/coffeefactorysk.cz\/#website"},"datePublished":"2023-10-02T12:16:58+00:00","dateModified":"2023-10-02T12:27:58+00:00","breadcrumb":{"@id":"https:\/\/coffeefactorysk.cz\/produkt\/bmf600bss\/#breadcrumb"},"inLanguage":"en-US","potentialAction":[{"@type":"ReadAction","target":["https:\/\/coffeefactorysk.cz\/produkt\/bmf600bss\/"]}]},{"@type":"BreadcrumbList","@id":"https:\/\/coffeefactorysk.cz\/produkt\/bmf600bss\/#breadcrumb","itemListElement":[{"@type":"ListItem","position":1,"name":"Domovsk\u00e1 str\u00e1nka","item":"https:\/\/coffeefactorysk.cz\/"},{"@type":"ListItem","position":2,"name":"Produkty","item":"https:\/\/coffeefactorysk.cz\/obchod\/"},{"@type":"ListItem","position":3,"name":"Induk\u010dn\u00fd peni\u010d mlieka BMF600BSS"}]},{"@type":"WebSite","@id":"https:\/\/coffeefactorysk.cz\/#website","url":"https:\/\/coffeefactorysk.cz\/","name":"coffeefactory.sk","description":"Eshop s kvalitnou k\u00e1vou","potentialAction":[{"@type":"SearchAction","target":{"@type":"EntryPoint","urlTemplate":"https:\/\/coffeefactorysk.cz\/?s={search_term_string}"},"query-input":"required name=search_term_string"}],"inLanguage":"en-US"}]}},"_links":{"self":[{"href":"https:\/\/coffeefactorysk.cz\/en\/wp-json\/wp\/v2\/product\/11057","targetHints":{"allow":["GET"]}}],"collection":[{"href":"https:\/\/coffeefactorysk.cz\/en\/wp-json\/wp\/v2\/product"}],"about":[{"href":"https:\/\/coffeefactorysk.cz\/en\/wp-json\/wp\/v2\/types\/product"}],"replies":[{"embeddable":true,"href":"https:\/\/coffeefactorysk.cz\/en\/wp-json\/wp\/v2\/comments?post=11057"}],"wp:featuredmedia":[{"embeddable":true,"href":"https:\/\/coffeefactorysk.cz\/en\/wp-json\/wp\/v2\/media\/11062"}],"wp:attachment":[{"href":"https:\/\/coffeefactorysk.cz\/en\/wp-json\/wp\/v2\/media?parent=11057"}],"wp:term":[{"taxonomy":"product_cat","embeddable":true,"href":"https:\/\/coffeefactorysk.cz\/en\/wp-json\/wp\/v2\/product_cat?post=11057"},{"taxonomy":"product_tag","embeddable":true,"href":"https:\/\/coffeefactorysk.cz\/en\/wp-json\/wp\/v2\/product_tag?post=11057"}],"curies":[{"name":"wp","href":"https:\/\/api.w.org\/{rel}","templated":true}]}}