{"id":11037,"date":"2023-10-02T13:24:12","date_gmt":"2023-10-02T11:24:12","guid":{"rendered":"https:\/\/coffeefactorysk.cz\/?post_type=product&#038;p=11037"},"modified":"2023-10-02T13:36:26","modified_gmt":"2023-10-02T11:36:26","slug":"bcg820bss","status":"publish","type":"product","link":"https:\/\/coffeefactorysk.cz\/en\/produkt\/bcg820bss\/","title":{"rendered":"Automatick\u00fd mlyn\u010dek na k\u00e1vu BCG820BSS"},"content":{"rendered":"<div class=\"wpb-content-wrapper\"><p>[vc_row css=&#8221;.vc_custom_1636979247058{margin-bottom: 50px !important;}&#8221; woodmart_css_id=&#8221;61925220b02e3&#8243; responsive_spacing=&#8221;eyJwYXJhbV90eXBlIjoid29vZG1hcnRfcmVzcG9uc2l2ZV9zcGFjaW5nIiwic2VsZWN0b3JfaWQiOiI2MTkyNTIyMGIwMmUzIiwic2hvcnRjb2RlIjoidmNfcm93IiwiZGF0YSI6eyJ0YWJsZXQiOnsibWFyZ2luLWJvdHRvbSI6IjQwIn0sIm1vYmlsZSI6eyJtYXJnaW4tYm90dG9tIjoiMjAifX19&#8243; mobile_bg_img_hidden=&#8221;no&#8221; tablet_bg_img_hidden=&#8221;no&#8221; woodmart_parallax=&#8221;0&#8243; woodmart_gradient_switch=&#8221;no&#8221; woodmart_box_shadow=&#8221;no&#8221; wd_z_index=&#8221;no&#8221; woodmart_disable_overflow=&#8221;0&#8243; row_reverse_mobile=&#8221;0&#8243; row_reverse_tablet=&#8221;0&#8243;][vc_column css=&#8221;.vc_custom_1508143071646{padding-top: 0px !important;}&#8221;]\t\t<div id=\"wd-69f2eee0639ab\" class=\"wd-timeline-wrapper wd-item-shadow wd-line-dashed wd-rs-69f2eee0639ab \">\n\t\t\t<div class=\"woodmart-timeline-line\">\n\t\t\t\t<span class=\"line-dot dot-start\"><\/span>\n\t\t\t\t<span class=\"line-dot dot-end\"><\/span>\n\t\t\t<\/div>\n\t\t\t<div class=\"wd-timeline\">\n\t\t\t\t\t\t<div id=\"wd-651aa8c14573e\" class=\"wd-timeline-breakpoint\">\n\t\t\t<span class=\"woodmart-timeline-breakpoint-title\">K\u00f3nick\u00fd mlyn\u010dek a inteligentn\u00e9 d\u00e1vkovanie<\/span>\n\t\t\t\t\t<\/div>\n\t\t\t\t<div id=\"wd-651aa9008ce61\" class=\"wd-timeline-item wd-item-position-left text-larger\">\n\n\t\t\t<div class=\"woodmart-timeline-dot\"><\/div>\n\n\t\t\t<div class=\"timeline-col timeline-col-primary\">\n\t\t\t\t<span class=\"timeline-arrow\"><\/span>\n\t\t\t\t\t\t\t\t<h4 class=\"wd-timeline-title\"><\/h4>\n\t\t\t\t<div class=\"wd-timeline-content set-cont-mb-s reset-last-child\"><\/p>\n<p style=\"text-align: left;\">K\u00f3nick\u00fd mlyn\u010dek vyu\u017e\u00edva technol\u00f3giu inteligentn\u00e9ho d\u00e1vkovania, ktor\u00e9 automaticky nastavuje d\u00e1vkovanie mletej k\u00e1vy pri ka\u017edej zmene nastavenia. Pri r\u00f4znych sp\u00f4soboch pr\u00edpravy k\u00e1vy (od espresso pr\u00edstroja a\u017e po french press) si jednoducho vyberte po\u017eadovan\u00fa hrubos\u0165 mletia a mno\u017estvo.<\/p>\n<p style=\"text-align: left;\">Nastavenie hrubosti mletia vy\u017eaduje aj spr\u00e1vne nastavenie \u010dasu mletia, aby ste zabezpe\u010dili st\u00e1le d\u00e1vkovanie va\u0161ej pripravovanej k\u00e1vy. Dosiahnete to prostredn\u00edctvom inteligentn\u00e9ho d\u00e1vkovania, ktor\u00e9 automaticky nastav\u00ed d\u00e1vku k\u00e1vy pod\u013ea zvolenej hrubosti mletia a nastaven\u00e9ho mno\u017estva. Navy\u0161e m\u00f4\u017eete predprogramovan\u00e9 mno\u017estvo namletej k\u00e1vy upravi\u0165 pod\u013ea vlastnej potreby, a to pred\u013a\u017een\u00edm alebo skr\u00e1ten\u00edm \u010dasu mletia v 0,2 s krokoch.<\/p>\n<p><\/div>\n\t\t\t<\/div>\n\n\t\t\t<div class=\"timeline-col timeline-col-secondary\">\t\n\t\t\t\t<span class=\"timeline-arrow\"><\/span>\n\t\t\t\t\t\t\t\t\t<div class=\"wd-timeline-image\" >\n\t\t\t\t\t\t<img decoding=\"async\" width=\"1500\" height=\"900\" src=\"https:\/\/coffeefactorysk.cz\/wp-content\/uploads\/2023\/10\/e7412079-a692-42ff-94ef-414c837280ac.jpg\" class=\"attachment-full size-full\" alt=\"\" srcset=\"https:\/\/coffeefactorysk.cz\/wp-content\/uploads\/2023\/10\/e7412079-a692-42ff-94ef-414c837280ac.jpg 1500w, https:\/\/coffeefactorysk.cz\/wp-content\/uploads\/2023\/10\/e7412079-a692-42ff-94ef-414c837280ac-400x240.jpg 400w, https:\/\/coffeefactorysk.cz\/wp-content\/uploads\/2023\/10\/e7412079-a692-42ff-94ef-414c837280ac-1300x780.jpg 1300w, https:\/\/coffeefactorysk.cz\/wp-content\/uploads\/2023\/10\/e7412079-a692-42ff-94ef-414c837280ac-768x461.jpg 768w, https:\/\/coffeefactorysk.cz\/wp-content\/uploads\/2023\/10\/e7412079-a692-42ff-94ef-414c837280ac-860x516.jpg 860w, https:\/\/coffeefactorysk.cz\/wp-content\/uploads\/2023\/10\/e7412079-a692-42ff-94ef-414c837280ac-100x60.jpg 100w, https:\/\/coffeefactorysk.cz\/wp-content\/uploads\/2023\/10\/e7412079-a692-42ff-94ef-414c837280ac-430x258.jpg 430w, https:\/\/coffeefactorysk.cz\/wp-content\/uploads\/2023\/10\/e7412079-a692-42ff-94ef-414c837280ac-700x420.jpg 700w, https:\/\/coffeefactorysk.cz\/wp-content\/uploads\/2023\/10\/e7412079-a692-42ff-94ef-414c837280ac-150x90.jpg 150w\" sizes=\"(max-width: 1500px) 100vw, 1500px\" \/>\t\t\t\t\t<\/div>\n\t\t\t\t\t\t\t\t<h4 class=\"wd-timeline-title\"><\/h4>\n\t\t\t\t<div class=\"wd-timeline-content set-cont-mb-s reset-last-child\"><\/div>\n\t\t\t<\/div>\n\t\t\t\t\t<\/div>\n\t\t\t\t<div id=\"wd-651aa8dc7f6f7\" class=\"wd-timeline-breakpoint\">\n\t\t\t<span class=\"woodmart-timeline-breakpoint-title\">Nastavite\u013en\u00e1 hrubos\u0165 mletia<\/span>\n\t\t\t\t\t<\/div>\n\t\t\t\t<div id=\"wd-651aa942a063e\" class=\"wd-timeline-item wd-item-position-right text-larger\">\n\n\t\t\t<div class=\"woodmart-timeline-dot\"><\/div>\n\n\t\t\t<div class=\"timeline-col timeline-col-primary\">\n\t\t\t\t<span class=\"timeline-arrow\"><\/span>\n\t\t\t\t\t\t\t\t<h4 class=\"wd-timeline-title\"><\/h4>\n\t\t\t\t<div class=\"wd-timeline-content set-cont-mb-s reset-last-child\"><\/p>\n<p style=\"text-align: left;\">R\u00f4zne druhy pr\u00edpravy k\u00e1vy vy\u017eaduj\u00fa aj r\u00f4zne nastavenia hrubosti mletia, aby ste dosiahli maxim\u00e1lnu ar\u00f3mu a chu\u0165. Mlyn\u010dek na k\u00e1vu je vybaven\u00fd 60 r\u00f4znymi nastaveniami hrubosti mletia, z ktor\u00fdch si pod\u013ea druhu pripravovanej k\u00e1vy m\u00f4\u017eete vybra\u0165 to spr\u00e1vne nastavenie.<\/p>\n<p><\/div>\n\t\t\t<\/div>\n\n\t\t\t<div class=\"timeline-col timeline-col-secondary\">\t\n\t\t\t\t<span class=\"timeline-arrow\"><\/span>\n\t\t\t\t\t\t\t\t\t<div class=\"wd-timeline-image\" >\n\t\t\t\t\t\t<img decoding=\"async\" width=\"1500\" height=\"900\" src=\"https:\/\/coffeefactorysk.cz\/wp-content\/uploads\/2023\/10\/108edef3-3a5b-435a-8996-3b924192274e.jpg\" class=\"attachment-full size-full\" alt=\"\" srcset=\"https:\/\/coffeefactorysk.cz\/wp-content\/uploads\/2023\/10\/108edef3-3a5b-435a-8996-3b924192274e.jpg 1500w, https:\/\/coffeefactorysk.cz\/wp-content\/uploads\/2023\/10\/108edef3-3a5b-435a-8996-3b924192274e-400x240.jpg 400w, https:\/\/coffeefactorysk.cz\/wp-content\/uploads\/2023\/10\/108edef3-3a5b-435a-8996-3b924192274e-1300x780.jpg 1300w, https:\/\/coffeefactorysk.cz\/wp-content\/uploads\/2023\/10\/108edef3-3a5b-435a-8996-3b924192274e-768x461.jpg 768w, https:\/\/coffeefactorysk.cz\/wp-content\/uploads\/2023\/10\/108edef3-3a5b-435a-8996-3b924192274e-860x516.jpg 860w, https:\/\/coffeefactorysk.cz\/wp-content\/uploads\/2023\/10\/108edef3-3a5b-435a-8996-3b924192274e-100x60.jpg 100w, https:\/\/coffeefactorysk.cz\/wp-content\/uploads\/2023\/10\/108edef3-3a5b-435a-8996-3b924192274e-430x258.jpg 430w, https:\/\/coffeefactorysk.cz\/wp-content\/uploads\/2023\/10\/108edef3-3a5b-435a-8996-3b924192274e-700x420.jpg 700w, https:\/\/coffeefactorysk.cz\/wp-content\/uploads\/2023\/10\/108edef3-3a5b-435a-8996-3b924192274e-150x90.jpg 150w\" sizes=\"(max-width: 1500px) 100vw, 1500px\" \/>\t\t\t\t\t<\/div>\n\t\t\t\t\t\t\t\t<h4 class=\"wd-timeline-title\"><\/h4>\n\t\t\t\t<div class=\"wd-timeline-content set-cont-mb-s reset-last-child\"><\/div>\n\t\t\t<\/div>\n\t\t\t\t\t<\/div>\n\t\t\t\t<div id=\"wd-651aa950a7fef\" class=\"wd-timeline-breakpoint\">\n\t\t\t<span class=\"woodmart-timeline-breakpoint-title\">Pohodln\u00e9 mletie a z\u00e1sobn\u00edk na k\u00e1vov\u00e9 zrn\u00e1<\/span>\n\t\t\t\t\t<\/div>\n\t\t\t\t<div id=\"wd-651aa957cfdd9\" class=\"wd-timeline-item wd-item-position-left text-larger\">\n\n\t\t\t<div class=\"woodmart-timeline-dot\"><\/div>\n\n\t\t\t<div class=\"timeline-col timeline-col-primary\">\n\t\t\t\t<span class=\"timeline-arrow\"><\/span>\n\t\t\t\t\t\t\t\t<h4 class=\"wd-timeline-title\"><\/h4>\n\t\t\t\t<div class=\"wd-timeline-content set-cont-mb-s reset-last-child\"><\/p>\n<p style=\"text-align: left;\">S\u00fa\u010das\u0165ou balenia s\u00fa 2 n\u00e1stavce dr\u017eiaka filtra a praktick\u00e1 d\u00f3za na mlet\u00fa k\u00e1vu. V\u010faka n\u00e1stavcom m\u00f4\u017eete pohodlne ovl\u00e1da\u0165 mlyn\u010dek bez dr\u017eania filtrov a do praktickej d\u00f3zy s unik\u00e1tnym uz\u00e1verom si m\u00f4\u017eete namlie\u0165 k\u00e1vu do z\u00e1soby.<\/p>\n<p style=\"text-align: left;\">450g z\u00e1sobn\u00edk na k\u00e1vov\u00e9 zrn\u00e1 je vybaven\u00fd unik\u00e1tnym syst\u00e9mom uzamykania a odomykania, v\u010faka ktor\u00e9mu ho m\u00f4\u017eete \u013eahko a pohodlne vybra\u0165 a pren\u00e1\u0161a\u0165. Navy\u0161e vzduchotesn\u00e9 vie\u010dko umo\u017e\u0148uje zachova\u0165 maxim\u00e1lnu \u010derstvos\u0165 k\u00e1vov\u00fdch z\u0155n.<\/p>\n<p><\/div>\n\t\t\t<\/div>\n\n\t\t\t<div class=\"timeline-col timeline-col-secondary\">\t\n\t\t\t\t<span class=\"timeline-arrow\"><\/span>\n\t\t\t\t\t\t\t\t\t<div class=\"wd-timeline-image\" >\n\t\t\t\t\t\t<img decoding=\"async\" width=\"1500\" height=\"900\" src=\"https:\/\/coffeefactorysk.cz\/wp-content\/uploads\/2023\/10\/ad9634fd-d076-4430-9041-9c8da5af1d62.jpg\" class=\"attachment-full size-full\" alt=\"\" srcset=\"https:\/\/coffeefactorysk.cz\/wp-content\/uploads\/2023\/10\/ad9634fd-d076-4430-9041-9c8da5af1d62.jpg 1500w, https:\/\/coffeefactorysk.cz\/wp-content\/uploads\/2023\/10\/ad9634fd-d076-4430-9041-9c8da5af1d62-400x240.jpg 400w, https:\/\/coffeefactorysk.cz\/wp-content\/uploads\/2023\/10\/ad9634fd-d076-4430-9041-9c8da5af1d62-1300x780.jpg 1300w, https:\/\/coffeefactorysk.cz\/wp-content\/uploads\/2023\/10\/ad9634fd-d076-4430-9041-9c8da5af1d62-768x461.jpg 768w, https:\/\/coffeefactorysk.cz\/wp-content\/uploads\/2023\/10\/ad9634fd-d076-4430-9041-9c8da5af1d62-860x516.jpg 860w, https:\/\/coffeefactorysk.cz\/wp-content\/uploads\/2023\/10\/ad9634fd-d076-4430-9041-9c8da5af1d62-100x60.jpg 100w, https:\/\/coffeefactorysk.cz\/wp-content\/uploads\/2023\/10\/ad9634fd-d076-4430-9041-9c8da5af1d62-430x258.jpg 430w, https:\/\/coffeefactorysk.cz\/wp-content\/uploads\/2023\/10\/ad9634fd-d076-4430-9041-9c8da5af1d62-700x420.jpg 700w, https:\/\/coffeefactorysk.cz\/wp-content\/uploads\/2023\/10\/ad9634fd-d076-4430-9041-9c8da5af1d62-150x90.jpg 150w\" sizes=\"(max-width: 1500px) 100vw, 1500px\" \/>\t\t\t\t\t<\/div>\n\t\t\t\t\t\t\t\t<h4 class=\"wd-timeline-title\"><\/h4>\n\t\t\t\t<div class=\"wd-timeline-content set-cont-mb-s reset-last-child\"><\/div>\n\t\t\t<\/div>\n\t\t\t\t\t<\/div>\n\t\t\t\t\t<\/div>\n\t\t\t\t\t<\/div>\n\t\t[\/vc_column][\/vc_row]<\/p>\n<\/div>","protected":false},"excerpt":{"rendered":"<pre id=\"tw-target-text\" class=\"tw-data-text tw-text-large tw-ta\" dir=\"ltr\" data-placeholder=\"Preklad\"><span class=\"Y2IQFc\" lang=\"sk\"><strong>Na pr\u00edpravu kvalitnej k\u00e1vy je potrebn\u00e9 presn\u00e9 mno\u017estvo \u010derstvo namletej k\u00e1vy. <\/strong>\r\n\r\nNajlep\u0161\u00ed v\u00fdsledok dosiahnete s k\u00e1vou, ktor\u00e1 bola pra\u017een\u00e1 pred 5 a\u017e 20 d\u0148ami. \r\n\r\nPreto odpor\u00fa\u010dame v\u017edy si skontrolova\u0165 d\u00e1tum pra\u017eenia a pri k\u00fape zrnkovej k\u00e1vy sa riadi\u0165 pravidlom: k\u00fapi\u0165 men\u0161ie mno\u017estvo (250 g \u2013 500 g), ale \u010dastej\u0161ie. \r\n\r\nTento v\u00fdrobok mal v minulosti ozna\u010denie Catler CG 8030\r\n<\/span><\/pre>\n","protected":false},"featured_media":11038,"comment_status":"open","ping_status":"closed","template":"","meta":[],"product_cat":[173,174],"product_tag":[],"class_list":{"0":"post-11037","1":"product","2":"type-product","3":"status-publish","4":"has-post-thumbnail","6":"product_cat-kavovary","7":"product_cat-kavovary-a-mlynceky","9":"first","10":"instock","11":"taxable","12":"shipping-taxable","13":"product-type-simple"},"yoast_head":"<!-- This site is optimized with the Yoast SEO plugin v21.0 - https:\/\/yoast.com\/wordpress\/plugins\/seo\/ -->\n<title>Automatick\u00fd mlyn\u010dek na k\u00e1vu BCG820BSS - coffeefactory.sk<\/title>\n<meta name=\"robots\" content=\"index, follow, max-snippet:-1, max-image-preview:large, max-video-preview:-1\" \/>\n<link rel=\"canonical\" href=\"https:\/\/coffeefactorysk.cz\/produkt\/bcg820bss\/\" \/>\n<meta property=\"og:locale\" content=\"en_US\" \/>\n<meta property=\"og:type\" content=\"article\" \/>\n<meta property=\"og:title\" content=\"Automatick\u00fd mlyn\u010dek na k\u00e1vu BCG820BSS - coffeefactory.sk\" \/>\n<meta property=\"og:description\" content=\"Na pr\u00edpravu kvalitnej k\u00e1vy je potrebn\u00e9 presn\u00e9 mno\u017estvo \u010derstvo namletej k\u00e1vy.   Najlep\u0161\u00ed v\u00fdsledok dosiahnete s k\u00e1vou, ktor\u00e1 bola pra\u017een\u00e1 pred 5 a\u017e 20 d\u0148ami.   Preto odpor\u00fa\u010dame v\u017edy si skontrolova\u0165 d\u00e1tum pra\u017eenia a pri k\u00fape zrnkovej k\u00e1vy sa riadi\u0165 pravidlom: k\u00fapi\u0165 men\u0161ie mno\u017estvo (250 g \u2013 500 g), ale \u010dastej\u0161ie.   Tento v\u00fdrobok mal v minulosti ozna\u010denie Catler CG 8030\" \/>\n<meta property=\"og:url\" content=\"https:\/\/coffeefactorysk.cz\/produkt\/bcg820bss\/\" \/>\n<meta property=\"og:site_name\" content=\"coffeefactory.sk\" \/>\n<meta property=\"article:modified_time\" content=\"2023-10-02T11:36:26+00:00\" \/>\n<meta property=\"og:image\" content=\"https:\/\/coffeefactorysk.cz\/wp-content\/uploads\/2023\/10\/0e672b70-aa58-476a-a3fa-4f1581a07127.jpg\" \/>\n\t<meta property=\"og:image:width\" content=\"1700\" \/>\n\t<meta property=\"og:image:height\" content=\"1700\" \/>\n\t<meta property=\"og:image:type\" content=\"image\/jpeg\" \/>\n<meta name=\"twitter:card\" content=\"summary_large_image\" \/>\n<meta name=\"twitter:label1\" content=\"Est. reading time\" \/>\n\t<meta name=\"twitter:data1\" content=\"2 minutes\" \/>\n<script type=\"application\/ld+json\" class=\"yoast-schema-graph\">{\"@context\":\"https:\/\/schema.org\",\"@graph\":[{\"@type\":\"WebPage\",\"@id\":\"https:\/\/coffeefactorysk.cz\/produkt\/bcg820bss\/\",\"url\":\"https:\/\/coffeefactorysk.cz\/produkt\/bcg820bss\/\",\"name\":\"Automatick\u00fd mlyn\u010dek na k\u00e1vu BCG820BSS - coffeefactory.sk\",\"isPartOf\":{\"@id\":\"https:\/\/coffeefactorysk.cz\/#website\"},\"datePublished\":\"2023-10-02T11:24:12+00:00\",\"dateModified\":\"2023-10-02T11:36:26+00:00\",\"breadcrumb\":{\"@id\":\"https:\/\/coffeefactorysk.cz\/produkt\/bcg820bss\/#breadcrumb\"},\"inLanguage\":\"en-US\",\"potentialAction\":[{\"@type\":\"ReadAction\",\"target\":[\"https:\/\/coffeefactorysk.cz\/produkt\/bcg820bss\/\"]}]},{\"@type\":\"BreadcrumbList\",\"@id\":\"https:\/\/coffeefactorysk.cz\/produkt\/bcg820bss\/#breadcrumb\",\"itemListElement\":[{\"@type\":\"ListItem\",\"position\":1,\"name\":\"Domovsk\u00e1 str\u00e1nka\",\"item\":\"https:\/\/coffeefactorysk.cz\/\"},{\"@type\":\"ListItem\",\"position\":2,\"name\":\"Produkty\",\"item\":\"https:\/\/coffeefactorysk.cz\/obchod\/\"},{\"@type\":\"ListItem\",\"position\":3,\"name\":\"Automatick\u00fd mlyn\u010dek na k\u00e1vu BCG820BSS\"}]},{\"@type\":\"WebSite\",\"@id\":\"https:\/\/coffeefactorysk.cz\/#website\",\"url\":\"https:\/\/coffeefactorysk.cz\/\",\"name\":\"coffeefactory.sk\",\"description\":\"Eshop s kvalitnou k\u00e1vou\",\"potentialAction\":[{\"@type\":\"SearchAction\",\"target\":{\"@type\":\"EntryPoint\",\"urlTemplate\":\"https:\/\/coffeefactorysk.cz\/?s={search_term_string}\"},\"query-input\":\"required name=search_term_string\"}],\"inLanguage\":\"en-US\"}]}<\/script>\n<!-- \/ Yoast SEO plugin. -->","yoast_head_json":{"title":"Automatick\u00fd mlyn\u010dek na k\u00e1vu BCG820BSS - coffeefactory.sk","robots":{"index":"index","follow":"follow","max-snippet":"max-snippet:-1","max-image-preview":"max-image-preview:large","max-video-preview":"max-video-preview:-1"},"canonical":"https:\/\/coffeefactorysk.cz\/produkt\/bcg820bss\/","og_locale":"en_US","og_type":"article","og_title":"Automatick\u00fd mlyn\u010dek na k\u00e1vu BCG820BSS - coffeefactory.sk","og_description":"Na pr\u00edpravu kvalitnej k\u00e1vy je potrebn\u00e9 presn\u00e9 mno\u017estvo \u010derstvo namletej k\u00e1vy.   Najlep\u0161\u00ed v\u00fdsledok dosiahnete s k\u00e1vou, ktor\u00e1 bola pra\u017een\u00e1 pred 5 a\u017e 20 d\u0148ami.   Preto odpor\u00fa\u010dame v\u017edy si skontrolova\u0165 d\u00e1tum pra\u017eenia a pri k\u00fape zrnkovej k\u00e1vy sa riadi\u0165 pravidlom: k\u00fapi\u0165 men\u0161ie mno\u017estvo (250 g \u2013 500 g), ale \u010dastej\u0161ie.   Tento v\u00fdrobok mal v minulosti ozna\u010denie Catler CG 8030","og_url":"https:\/\/coffeefactorysk.cz\/produkt\/bcg820bss\/","og_site_name":"coffeefactory.sk","article_modified_time":"2023-10-02T11:36:26+00:00","og_image":[{"width":1700,"height":1700,"url":"https:\/\/coffeefactorysk.cz\/wp-content\/uploads\/2023\/10\/0e672b70-aa58-476a-a3fa-4f1581a07127.jpg","type":"image\/jpeg"}],"twitter_card":"summary_large_image","twitter_misc":{"Est. reading time":"2 minutes"},"schema":{"@context":"https:\/\/schema.org","@graph":[{"@type":"WebPage","@id":"https:\/\/coffeefactorysk.cz\/produkt\/bcg820bss\/","url":"https:\/\/coffeefactorysk.cz\/produkt\/bcg820bss\/","name":"Automatick\u00fd mlyn\u010dek na k\u00e1vu BCG820BSS - coffeefactory.sk","isPartOf":{"@id":"https:\/\/coffeefactorysk.cz\/#website"},"datePublished":"2023-10-02T11:24:12+00:00","dateModified":"2023-10-02T11:36:26+00:00","breadcrumb":{"@id":"https:\/\/coffeefactorysk.cz\/produkt\/bcg820bss\/#breadcrumb"},"inLanguage":"en-US","potentialAction":[{"@type":"ReadAction","target":["https:\/\/coffeefactorysk.cz\/produkt\/bcg820bss\/"]}]},{"@type":"BreadcrumbList","@id":"https:\/\/coffeefactorysk.cz\/produkt\/bcg820bss\/#breadcrumb","itemListElement":[{"@type":"ListItem","position":1,"name":"Domovsk\u00e1 str\u00e1nka","item":"https:\/\/coffeefactorysk.cz\/"},{"@type":"ListItem","position":2,"name":"Produkty","item":"https:\/\/coffeefactorysk.cz\/obchod\/"},{"@type":"ListItem","position":3,"name":"Automatick\u00fd mlyn\u010dek na k\u00e1vu BCG820BSS"}]},{"@type":"WebSite","@id":"https:\/\/coffeefactorysk.cz\/#website","url":"https:\/\/coffeefactorysk.cz\/","name":"coffeefactory.sk","description":"Eshop s kvalitnou k\u00e1vou","potentialAction":[{"@type":"SearchAction","target":{"@type":"EntryPoint","urlTemplate":"https:\/\/coffeefactorysk.cz\/?s={search_term_string}"},"query-input":"required name=search_term_string"}],"inLanguage":"en-US"}]}},"_links":{"self":[{"href":"https:\/\/coffeefactorysk.cz\/en\/wp-json\/wp\/v2\/product\/11037","targetHints":{"allow":["GET"]}}],"collection":[{"href":"https:\/\/coffeefactorysk.cz\/en\/wp-json\/wp\/v2\/product"}],"about":[{"href":"https:\/\/coffeefactorysk.cz\/en\/wp-json\/wp\/v2\/types\/product"}],"replies":[{"embeddable":true,"href":"https:\/\/coffeefactorysk.cz\/en\/wp-json\/wp\/v2\/comments?post=11037"}],"wp:featuredmedia":[{"embeddable":true,"href":"https:\/\/coffeefactorysk.cz\/en\/wp-json\/wp\/v2\/media\/11038"}],"wp:attachment":[{"href":"https:\/\/coffeefactorysk.cz\/en\/wp-json\/wp\/v2\/media?parent=11037"}],"wp:term":[{"taxonomy":"product_cat","embeddable":true,"href":"https:\/\/coffeefactorysk.cz\/en\/wp-json\/wp\/v2\/product_cat?post=11037"},{"taxonomy":"product_tag","embeddable":true,"href":"https:\/\/coffeefactorysk.cz\/en\/wp-json\/wp\/v2\/product_tag?post=11037"}],"curies":[{"name":"wp","href":"https:\/\/api.w.org\/{rel}","templated":true}]}}