{"id":11023,"date":"2023-10-02T12:14:49","date_gmt":"2023-10-02T10:14:49","guid":{"rendered":"https:\/\/coffeefactorysk.cz\/?post_type=product&#038;p=11023"},"modified":"2023-10-02T13:37:13","modified_gmt":"2023-10-02T11:37:13","slug":"bes875bss","status":"publish","type":"product","link":"https:\/\/coffeefactorysk.cz\/en\/produkt\/bes875bss\/","title":{"rendered":"Espresso s integrovan\u00fdm mlyn\u010dekom BES875BSS"},"content":{"rendered":"<div class=\"wpb-content-wrapper\"><p>[vc_row css=&#8221;.vc_custom_1636979247058{margin-bottom: 50px !important;}&#8221; woodmart_css_id=&#8221;61925220b02e3&#8243; responsive_spacing=&#8221;eyJwYXJhbV90eXBlIjoid29vZG1hcnRfcmVzcG9uc2l2ZV9zcGFjaW5nIiwic2VsZWN0b3JfaWQiOiI2MTkyNTIyMGIwMmUzIiwic2hvcnRjb2RlIjoidmNfcm93IiwiZGF0YSI6eyJ0YWJsZXQiOnsibWFyZ2luLWJvdHRvbSI6IjQwIn0sIm1vYmlsZSI6eyJtYXJnaW4tYm90dG9tIjoiMjAifX19&#8243; mobile_bg_img_hidden=&#8221;no&#8221; tablet_bg_img_hidden=&#8221;no&#8221; woodmart_parallax=&#8221;0&#8243; woodmart_gradient_switch=&#8221;no&#8221; woodmart_box_shadow=&#8221;no&#8221; wd_z_index=&#8221;no&#8221; woodmart_disable_overflow=&#8221;0&#8243; row_reverse_mobile=&#8221;0&#8243; row_reverse_tablet=&#8221;0&#8243;][vc_column css=&#8221;.vc_custom_1508143071646{padding-top: 0px !important;}&#8221;]\t\t<div id=\"wd-69f304c20c661\" class=\"wd-timeline-wrapper wd-item-shadow wd-line-dashed wd-rs-69f304c20c661 \">\n\t\t\t<div class=\"woodmart-timeline-line\">\n\t\t\t\t<span class=\"line-dot dot-start\"><\/span>\n\t\t\t\t<span class=\"line-dot dot-end\"><\/span>\n\t\t\t<\/div>\n\t\t\t<div class=\"wd-timeline\">\n\t\t\t\t\t\t<div id=\"wd-651a9864309a9\" class=\"wd-timeline-breakpoint\">\n\t\t\t<span class=\"woodmart-timeline-breakpoint-title\">Syst\u00e9m n\u00edzkotlakov\u00e9ho predsparenia<\/span>\n\t\t\t\t\t<\/div>\n\t\t\t\t<div id=\"wd-651a9923befba\" class=\"wd-timeline-item wd-item-position-left text-larger\">\n\n\t\t\t<div class=\"woodmart-timeline-dot\"><\/div>\n\n\t\t\t<div class=\"timeline-col timeline-col-primary\">\n\t\t\t\t<span class=\"timeline-arrow\"><\/span>\n\t\t\t\t\t\t\t\t<h4 class=\"wd-timeline-title\"><\/h4>\n\t\t\t\t<div class=\"wd-timeline-content set-cont-mb-s reset-last-child\"><\/p>\n<p style=\"text-align: left;\">Syst\u00e9m n\u00edzkotlakov\u00e9ho predsparenia zabezpe\u010duje postupn\u00e9 zvy\u0161ovanie tlaku, ktor\u00e9 sa tak rovnomerne rozprestrie po povrchu k\u00e1vy vo filtri, aby bola zabezpe\u010den\u00e1 maxim\u00e1lna a rovnomern\u00e1 extrakcia k\u00e1vy.<\/p>\n<p><\/div>\n\t\t\t<\/div>\n\n\t\t\t<div class=\"timeline-col timeline-col-secondary\">\t\n\t\t\t\t<span class=\"timeline-arrow\"><\/span>\n\t\t\t\t\t\t\t\t\t<div class=\"wd-timeline-image\" >\n\t\t\t\t\t\t<img decoding=\"async\" width=\"2000\" height=\"1500\" src=\"https:\/\/coffeefactorysk.cz\/wp-content\/uploads\/2023\/10\/0cb0b575-4732-4d82-b5ed-166be67c6fd9.jpg\" class=\"attachment-full size-full\" alt=\"\" srcset=\"https:\/\/coffeefactorysk.cz\/wp-content\/uploads\/2023\/10\/0cb0b575-4732-4d82-b5ed-166be67c6fd9.jpg 2000w, https:\/\/coffeefactorysk.cz\/wp-content\/uploads\/2023\/10\/0cb0b575-4732-4d82-b5ed-166be67c6fd9-400x300.jpg 400w, https:\/\/coffeefactorysk.cz\/wp-content\/uploads\/2023\/10\/0cb0b575-4732-4d82-b5ed-166be67c6fd9-1067x800.jpg 1067w, https:\/\/coffeefactorysk.cz\/wp-content\/uploads\/2023\/10\/0cb0b575-4732-4d82-b5ed-166be67c6fd9-768x576.jpg 768w, https:\/\/coffeefactorysk.cz\/wp-content\/uploads\/2023\/10\/0cb0b575-4732-4d82-b5ed-166be67c6fd9-1536x1152.jpg 1536w, https:\/\/coffeefactorysk.cz\/wp-content\/uploads\/2023\/10\/0cb0b575-4732-4d82-b5ed-166be67c6fd9-860x645.jpg 860w, https:\/\/coffeefactorysk.cz\/wp-content\/uploads\/2023\/10\/0cb0b575-4732-4d82-b5ed-166be67c6fd9-100x75.jpg 100w, https:\/\/coffeefactorysk.cz\/wp-content\/uploads\/2023\/10\/0cb0b575-4732-4d82-b5ed-166be67c6fd9-430x323.jpg 430w, https:\/\/coffeefactorysk.cz\/wp-content\/uploads\/2023\/10\/0cb0b575-4732-4d82-b5ed-166be67c6fd9-700x525.jpg 700w, https:\/\/coffeefactorysk.cz\/wp-content\/uploads\/2023\/10\/0cb0b575-4732-4d82-b5ed-166be67c6fd9-150x113.jpg 150w\" sizes=\"(max-width: 2000px) 100vw, 2000px\" \/>\t\t\t\t\t<\/div>\n\t\t\t\t\t\t\t\t<h4 class=\"wd-timeline-title\"><\/h4>\n\t\t\t\t<div class=\"wd-timeline-content set-cont-mb-s reset-last-child\"><\/div>\n\t\t\t<\/div>\n\t\t\t\t\t<\/div>\n\t\t\t\t<div id=\"wd-651a98fcf3691\" class=\"wd-timeline-breakpoint\">\n\t\t\t<span class=\"woodmart-timeline-breakpoint-title\">Integrovan\u00fd k\u00f3nick\u00fd mlyn\u010dek na k\u00e1vu<\/span>\n\t\t\t\t\t<\/div>\n\t\t\t\t<div id=\"wd-651a9903ca18f\" class=\"wd-timeline-item wd-item-position-right text-larger\">\n\n\t\t\t<div class=\"woodmart-timeline-dot\"><\/div>\n\n\t\t\t<div class=\"timeline-col timeline-col-primary\">\n\t\t\t\t<span class=\"timeline-arrow\"><\/span>\n\t\t\t\t\t\t\t\t<h4 class=\"wd-timeline-title\"><\/h4>\n\t\t\t\t<div class=\"wd-timeline-content set-cont-mb-s reset-last-child\"><\/p>\n<p style=\"text-align: left;\">Zabudovan\u00fd k\u00f3nick\u00fd mlyn\u010dek na k\u00e1vu s nerezov\u00fdmi mlec\u00edmi kame\u0148mi umo\u017e\u0148uje mlie\u0165 len potrebn\u00e9 mno\u017estvo k\u00e1vy priamo do dr\u017eiaka. Mo\u017enos\u0165 nastavenia hrubosti mletia a d\u00e1vkovanie V\u00e1m d\u00e1va pr\u00edle\u017eitos\u0165 celo\u017eivotn\u00e9ho experimentu na dosiahnutie perfektn\u00e9ho v\u00fdsledku presne pod\u013ea Va\u0161ej chuti.<\/p>\n<p><\/div>\n\t\t\t<\/div>\n\n\t\t\t<div class=\"timeline-col timeline-col-secondary\">\t\n\t\t\t\t<span class=\"timeline-arrow\"><\/span>\n\t\t\t\t\t\t\t\t\t<div class=\"wd-timeline-image\" >\n\t\t\t\t\t\t<img decoding=\"async\" width=\"2000\" height=\"1500\" src=\"https:\/\/coffeefactorysk.cz\/wp-content\/uploads\/2023\/10\/fe6e03c5-9185-4d03-a197-ca0d7fcac846.jpg\" class=\"attachment-full size-full\" alt=\"\" srcset=\"https:\/\/coffeefactorysk.cz\/wp-content\/uploads\/2023\/10\/fe6e03c5-9185-4d03-a197-ca0d7fcac846.jpg 2000w, https:\/\/coffeefactorysk.cz\/wp-content\/uploads\/2023\/10\/fe6e03c5-9185-4d03-a197-ca0d7fcac846-400x300.jpg 400w, https:\/\/coffeefactorysk.cz\/wp-content\/uploads\/2023\/10\/fe6e03c5-9185-4d03-a197-ca0d7fcac846-1067x800.jpg 1067w, https:\/\/coffeefactorysk.cz\/wp-content\/uploads\/2023\/10\/fe6e03c5-9185-4d03-a197-ca0d7fcac846-768x576.jpg 768w, https:\/\/coffeefactorysk.cz\/wp-content\/uploads\/2023\/10\/fe6e03c5-9185-4d03-a197-ca0d7fcac846-1536x1152.jpg 1536w, https:\/\/coffeefactorysk.cz\/wp-content\/uploads\/2023\/10\/fe6e03c5-9185-4d03-a197-ca0d7fcac846-860x645.jpg 860w, https:\/\/coffeefactorysk.cz\/wp-content\/uploads\/2023\/10\/fe6e03c5-9185-4d03-a197-ca0d7fcac846-100x75.jpg 100w, https:\/\/coffeefactorysk.cz\/wp-content\/uploads\/2023\/10\/fe6e03c5-9185-4d03-a197-ca0d7fcac846-430x323.jpg 430w, https:\/\/coffeefactorysk.cz\/wp-content\/uploads\/2023\/10\/fe6e03c5-9185-4d03-a197-ca0d7fcac846-700x525.jpg 700w, https:\/\/coffeefactorysk.cz\/wp-content\/uploads\/2023\/10\/fe6e03c5-9185-4d03-a197-ca0d7fcac846-150x113.jpg 150w\" sizes=\"(max-width: 2000px) 100vw, 2000px\" \/>\t\t\t\t\t<\/div>\n\t\t\t\t\t\t\t\t<h4 class=\"wd-timeline-title\"><\/h4>\n\t\t\t\t<div class=\"wd-timeline-content set-cont-mb-s reset-last-child\"><\/div>\n\t\t\t<\/div>\n\t\t\t\t\t<\/div>\n\t\t\t\t<div id=\"wd-651a993506e8c\" class=\"wd-timeline-breakpoint\">\n\t\t\t<span class=\"woodmart-timeline-breakpoint-title\">Doplnkov\u00e9 vlastnosti<\/span>\n\t\t\t\t\t<\/div>\n\t\t\t\t<div id=\"wd-651a993f949c4\" class=\"wd-timeline-item wd-item-position-left text-larger\">\n\n\t\t\t<div class=\"woodmart-timeline-dot\"><\/div>\n\n\t\t\t<div class=\"timeline-col timeline-col-primary\">\n\t\t\t\t<span class=\"timeline-arrow\"><\/span>\n\t\t\t\t\t\t\t\t<h4 class=\"wd-timeline-title\"><\/h4>\n\t\t\t\t<div class=\"wd-timeline-content set-cont-mb-s reset-last-child\"><\/p>\n<p style=\"text-align: left;\">Pripravi\u0165 si dokonal\u00fa \u0161\u00e1lku k\u00e1vy v\u00e1m pom\u00f4\u017eu doplnkov\u00e9 funkcie a vlastnosti: pom\u00f4cka na zarovnanie k\u00e1vy Razor\u2122 umo\u017e\u0148uje presne upravi\u0165 a zarovna\u0165 d\u00e1vku namletej k\u00e1vy v sitku; sprievodca tlakom v\u00e1m pom\u00f4\u017ee dosiahnu\u0165 ide\u00e1lny tlak pri extrahovan\u00ed k\u00e1vy; v\u00fdhrevn\u00fd syst\u00e9m Thermocoil ovl\u00e1da teplotu vody; funkcia suchej k\u00e1vy zaist\u00ed \u013eahk\u00e9 vybratie k\u00e1vovej usadeniny zo sitka s minim\u00e1lnym obsahom vody&#8230;, jednoducho celo\u017eivotn\u00fd experiment m\u00f4\u017ee za\u010da\u0165.<\/p>\n<p><\/div>\n\t\t\t<\/div>\n\n\t\t\t<div class=\"timeline-col timeline-col-secondary\">\t\n\t\t\t\t<span class=\"timeline-arrow\"><\/span>\n\t\t\t\t\t\t\t\t\t<div class=\"wd-timeline-image\" >\n\t\t\t\t\t\t<img decoding=\"async\" width=\"2000\" height=\"1500\" src=\"https:\/\/coffeefactorysk.cz\/wp-content\/uploads\/2023\/10\/a8244eca-f85f-4359-848e-3c3741fbc7eb.jpg\" class=\"attachment-full size-full\" alt=\"\" srcset=\"https:\/\/coffeefactorysk.cz\/wp-content\/uploads\/2023\/10\/a8244eca-f85f-4359-848e-3c3741fbc7eb.jpg 2000w, https:\/\/coffeefactorysk.cz\/wp-content\/uploads\/2023\/10\/a8244eca-f85f-4359-848e-3c3741fbc7eb-400x300.jpg 400w, https:\/\/coffeefactorysk.cz\/wp-content\/uploads\/2023\/10\/a8244eca-f85f-4359-848e-3c3741fbc7eb-1067x800.jpg 1067w, https:\/\/coffeefactorysk.cz\/wp-content\/uploads\/2023\/10\/a8244eca-f85f-4359-848e-3c3741fbc7eb-768x576.jpg 768w, https:\/\/coffeefactorysk.cz\/wp-content\/uploads\/2023\/10\/a8244eca-f85f-4359-848e-3c3741fbc7eb-1536x1152.jpg 1536w, https:\/\/coffeefactorysk.cz\/wp-content\/uploads\/2023\/10\/a8244eca-f85f-4359-848e-3c3741fbc7eb-860x645.jpg 860w, https:\/\/coffeefactorysk.cz\/wp-content\/uploads\/2023\/10\/a8244eca-f85f-4359-848e-3c3741fbc7eb-100x75.jpg 100w, https:\/\/coffeefactorysk.cz\/wp-content\/uploads\/2023\/10\/a8244eca-f85f-4359-848e-3c3741fbc7eb-430x323.jpg 430w, https:\/\/coffeefactorysk.cz\/wp-content\/uploads\/2023\/10\/a8244eca-f85f-4359-848e-3c3741fbc7eb-700x525.jpg 700w, https:\/\/coffeefactorysk.cz\/wp-content\/uploads\/2023\/10\/a8244eca-f85f-4359-848e-3c3741fbc7eb-150x113.jpg 150w\" sizes=\"(max-width: 2000px) 100vw, 2000px\" \/>\t\t\t\t\t<\/div>\n\t\t\t\t\t\t\t\t<h4 class=\"wd-timeline-title\"><\/h4>\n\t\t\t\t<div class=\"wd-timeline-content set-cont-mb-s reset-last-child\"><\/div>\n\t\t\t<\/div>\n\t\t\t\t\t<\/div>\n\t\t\t\t\t<\/div>\n\t\t\t\t\t<\/div>\n\t\t[\/vc_column][\/vc_row]<\/p>\n<\/div>","protected":false},"excerpt":{"rendered":"<pre id=\"tw-target-text\" class=\"tw-data-text tw-text-large tw-ta\" dir=\"ltr\" data-placeholder=\"Preklad\"><span class=\"Y2IQFc\" lang=\"sk\"><strong>Dokonal\u00e9 espresso je v\u00fdsledkom dokonalej kombin\u00e1cie nieko\u013ek\u00fdch vstupn\u00fdch faktorov - \u010derstvej mletej k\u00e1vy, spr\u00e1vne utla\u010denie k\u00e1vy, spr\u00e1vneho tlaku a v neposlednom rade aj teploty vody. Kol\u00edsan\u00edm teploty po\u010das extrakcie doch\u00e1dza k strate peny a v\u00fdsledn\u00e1 k\u00e1va str\u00e1ca svoju kr\u00e1snu orie\u0161kov\u00fa farbu po\u010das nieko\u013ek\u00fdch sek\u00fand. \r\n<\/strong>\r\nEspresso pr\u00edstroj Sage BES875 prich\u00e1dza s inovat\u00edvnou technol\u00f3giou kontroly teploty v priebehu celej extrakcie.\r\n\r\nElektronick\u00fd PID syst\u00e9m zaznamen\u00e1va teplotu v priebehu celej doby extrakcie a zais\u0165uje stabilitu teploty po\u010das cel\u00e9ho procesu.\r\n\r\nTento v\u00fdrobok mal v minulosti ozna\u010denie Catler ES 8013\r\n<\/span><\/pre>\n","protected":false},"featured_media":11028,"comment_status":"open","ping_status":"closed","template":"","meta":[],"product_cat":[173,174],"product_tag":[],"class_list":{"0":"post-11023","1":"product","2":"type-product","3":"status-publish","4":"has-post-thumbnail","6":"product_cat-kavovary","7":"product_cat-kavovary-a-mlynceky","9":"first","10":"instock","11":"taxable","12":"shipping-taxable","13":"product-type-simple"},"yoast_head":"<!-- This site is optimized with the Yoast SEO plugin v21.0 - https:\/\/yoast.com\/wordpress\/plugins\/seo\/ -->\n<title>Espresso s integrovan\u00fdm mlyn\u010dekom BES875BSS - coffeefactory.sk<\/title>\n<meta name=\"robots\" content=\"index, follow, max-snippet:-1, max-image-preview:large, max-video-preview:-1\" \/>\n<link rel=\"canonical\" href=\"https:\/\/coffeefactorysk.cz\/produkt\/bes875bss\/\" \/>\n<meta property=\"og:locale\" content=\"en_US\" \/>\n<meta property=\"og:type\" content=\"article\" \/>\n<meta property=\"og:title\" content=\"Espresso s integrovan\u00fdm mlyn\u010dekom BES875BSS - coffeefactory.sk\" \/>\n<meta property=\"og:description\" content=\"Dokonal\u00e9 espresso je v\u00fdsledkom dokonalej kombin\u00e1cie nieko\u013ek\u00fdch vstupn\u00fdch faktorov - \u010derstvej mletej k\u00e1vy, spr\u00e1vne utla\u010denie k\u00e1vy, spr\u00e1vneho tlaku a v neposlednom rade aj teploty vody. Kol\u00edsan\u00edm teploty po\u010das extrakcie doch\u00e1dza k strate peny a v\u00fdsledn\u00e1 k\u00e1va str\u00e1ca svoju kr\u00e1snu orie\u0161kov\u00fa farbu po\u010das nieko\u013ek\u00fdch sek\u00fand.   Espresso pr\u00edstroj Sage BES875 prich\u00e1dza s inovat\u00edvnou technol\u00f3giou kontroly teploty v priebehu celej extrakcie.  Elektronick\u00fd PID syst\u00e9m zaznamen\u00e1va teplotu v priebehu celej doby extrakcie a zais\u0165uje stabilitu teploty po\u010das cel\u00e9ho procesu.  Tento v\u00fdrobok mal v minulosti ozna\u010denie Catler ES 8013\" \/>\n<meta property=\"og:url\" content=\"https:\/\/coffeefactorysk.cz\/produkt\/bes875bss\/\" \/>\n<meta property=\"og:site_name\" content=\"coffeefactory.sk\" \/>\n<meta property=\"article:modified_time\" content=\"2023-10-02T11:37:13+00:00\" \/>\n<meta property=\"og:image\" content=\"https:\/\/coffeefactorysk.cz\/wp-content\/uploads\/2023\/10\/6f6274c6-44af-46f5-96f5-b89e000ecd59.jpg\" \/>\n\t<meta property=\"og:image:width\" content=\"1700\" \/>\n\t<meta property=\"og:image:height\" content=\"1700\" \/>\n\t<meta property=\"og:image:type\" content=\"image\/jpeg\" \/>\n<meta name=\"twitter:card\" content=\"summary_large_image\" \/>\n<meta name=\"twitter:label1\" content=\"Est. reading time\" \/>\n\t<meta name=\"twitter:data1\" content=\"1 minute\" \/>\n<script type=\"application\/ld+json\" class=\"yoast-schema-graph\">{\"@context\":\"https:\/\/schema.org\",\"@graph\":[{\"@type\":\"WebPage\",\"@id\":\"https:\/\/coffeefactorysk.cz\/produkt\/bes875bss\/\",\"url\":\"https:\/\/coffeefactorysk.cz\/produkt\/bes875bss\/\",\"name\":\"Espresso s integrovan\u00fdm mlyn\u010dekom BES875BSS - coffeefactory.sk\",\"isPartOf\":{\"@id\":\"https:\/\/coffeefactorysk.cz\/#website\"},\"datePublished\":\"2023-10-02T10:14:49+00:00\",\"dateModified\":\"2023-10-02T11:37:13+00:00\",\"breadcrumb\":{\"@id\":\"https:\/\/coffeefactorysk.cz\/produkt\/bes875bss\/#breadcrumb\"},\"inLanguage\":\"en-US\",\"potentialAction\":[{\"@type\":\"ReadAction\",\"target\":[\"https:\/\/coffeefactorysk.cz\/produkt\/bes875bss\/\"]}]},{\"@type\":\"BreadcrumbList\",\"@id\":\"https:\/\/coffeefactorysk.cz\/produkt\/bes875bss\/#breadcrumb\",\"itemListElement\":[{\"@type\":\"ListItem\",\"position\":1,\"name\":\"Domovsk\u00e1 str\u00e1nka\",\"item\":\"https:\/\/coffeefactorysk.cz\/\"},{\"@type\":\"ListItem\",\"position\":2,\"name\":\"Produkty\",\"item\":\"https:\/\/coffeefactorysk.cz\/obchod\/\"},{\"@type\":\"ListItem\",\"position\":3,\"name\":\"Espresso s integrovan\u00fdm mlyn\u010dekom BES875BSS\"}]},{\"@type\":\"WebSite\",\"@id\":\"https:\/\/coffeefactorysk.cz\/#website\",\"url\":\"https:\/\/coffeefactorysk.cz\/\",\"name\":\"coffeefactory.sk\",\"description\":\"Eshop s kvalitnou k\u00e1vou\",\"potentialAction\":[{\"@type\":\"SearchAction\",\"target\":{\"@type\":\"EntryPoint\",\"urlTemplate\":\"https:\/\/coffeefactorysk.cz\/?s={search_term_string}\"},\"query-input\":\"required name=search_term_string\"}],\"inLanguage\":\"en-US\"}]}<\/script>\n<!-- \/ Yoast SEO plugin. -->","yoast_head_json":{"title":"Espresso s integrovan\u00fdm mlyn\u010dekom BES875BSS - coffeefactory.sk","robots":{"index":"index","follow":"follow","max-snippet":"max-snippet:-1","max-image-preview":"max-image-preview:large","max-video-preview":"max-video-preview:-1"},"canonical":"https:\/\/coffeefactorysk.cz\/produkt\/bes875bss\/","og_locale":"en_US","og_type":"article","og_title":"Espresso s integrovan\u00fdm mlyn\u010dekom BES875BSS - coffeefactory.sk","og_description":"Dokonal\u00e9 espresso je v\u00fdsledkom dokonalej kombin\u00e1cie nieko\u013ek\u00fdch vstupn\u00fdch faktorov - \u010derstvej mletej k\u00e1vy, spr\u00e1vne utla\u010denie k\u00e1vy, spr\u00e1vneho tlaku a v neposlednom rade aj teploty vody. Kol\u00edsan\u00edm teploty po\u010das extrakcie doch\u00e1dza k strate peny a v\u00fdsledn\u00e1 k\u00e1va str\u00e1ca svoju kr\u00e1snu orie\u0161kov\u00fa farbu po\u010das nieko\u013ek\u00fdch sek\u00fand.   Espresso pr\u00edstroj Sage BES875 prich\u00e1dza s inovat\u00edvnou technol\u00f3giou kontroly teploty v priebehu celej extrakcie.  Elektronick\u00fd PID syst\u00e9m zaznamen\u00e1va teplotu v priebehu celej doby extrakcie a zais\u0165uje stabilitu teploty po\u010das cel\u00e9ho procesu.  Tento v\u00fdrobok mal v minulosti ozna\u010denie Catler ES 8013","og_url":"https:\/\/coffeefactorysk.cz\/produkt\/bes875bss\/","og_site_name":"coffeefactory.sk","article_modified_time":"2023-10-02T11:37:13+00:00","og_image":[{"width":1700,"height":1700,"url":"https:\/\/coffeefactorysk.cz\/wp-content\/uploads\/2023\/10\/6f6274c6-44af-46f5-96f5-b89e000ecd59.jpg","type":"image\/jpeg"}],"twitter_card":"summary_large_image","twitter_misc":{"Est. reading time":"1 minute"},"schema":{"@context":"https:\/\/schema.org","@graph":[{"@type":"WebPage","@id":"https:\/\/coffeefactorysk.cz\/produkt\/bes875bss\/","url":"https:\/\/coffeefactorysk.cz\/produkt\/bes875bss\/","name":"Espresso s integrovan\u00fdm mlyn\u010dekom BES875BSS - coffeefactory.sk","isPartOf":{"@id":"https:\/\/coffeefactorysk.cz\/#website"},"datePublished":"2023-10-02T10:14:49+00:00","dateModified":"2023-10-02T11:37:13+00:00","breadcrumb":{"@id":"https:\/\/coffeefactorysk.cz\/produkt\/bes875bss\/#breadcrumb"},"inLanguage":"en-US","potentialAction":[{"@type":"ReadAction","target":["https:\/\/coffeefactorysk.cz\/produkt\/bes875bss\/"]}]},{"@type":"BreadcrumbList","@id":"https:\/\/coffeefactorysk.cz\/produkt\/bes875bss\/#breadcrumb","itemListElement":[{"@type":"ListItem","position":1,"name":"Domovsk\u00e1 str\u00e1nka","item":"https:\/\/coffeefactorysk.cz\/"},{"@type":"ListItem","position":2,"name":"Produkty","item":"https:\/\/coffeefactorysk.cz\/obchod\/"},{"@type":"ListItem","position":3,"name":"Espresso s integrovan\u00fdm mlyn\u010dekom BES875BSS"}]},{"@type":"WebSite","@id":"https:\/\/coffeefactorysk.cz\/#website","url":"https:\/\/coffeefactorysk.cz\/","name":"coffeefactory.sk","description":"Eshop s kvalitnou k\u00e1vou","potentialAction":[{"@type":"SearchAction","target":{"@type":"EntryPoint","urlTemplate":"https:\/\/coffeefactorysk.cz\/?s={search_term_string}"},"query-input":"required name=search_term_string"}],"inLanguage":"en-US"}]}},"_links":{"self":[{"href":"https:\/\/coffeefactorysk.cz\/en\/wp-json\/wp\/v2\/product\/11023","targetHints":{"allow":["GET"]}}],"collection":[{"href":"https:\/\/coffeefactorysk.cz\/en\/wp-json\/wp\/v2\/product"}],"about":[{"href":"https:\/\/coffeefactorysk.cz\/en\/wp-json\/wp\/v2\/types\/product"}],"replies":[{"embeddable":true,"href":"https:\/\/coffeefactorysk.cz\/en\/wp-json\/wp\/v2\/comments?post=11023"}],"wp:featuredmedia":[{"embeddable":true,"href":"https:\/\/coffeefactorysk.cz\/en\/wp-json\/wp\/v2\/media\/11028"}],"wp:attachment":[{"href":"https:\/\/coffeefactorysk.cz\/en\/wp-json\/wp\/v2\/media?parent=11023"}],"wp:term":[{"taxonomy":"product_cat","embeddable":true,"href":"https:\/\/coffeefactorysk.cz\/en\/wp-json\/wp\/v2\/product_cat?post=11023"},{"taxonomy":"product_tag","embeddable":true,"href":"https:\/\/coffeefactorysk.cz\/en\/wp-json\/wp\/v2\/product_tag?post=11023"}],"curies":[{"name":"wp","href":"https:\/\/api.w.org\/{rel}","templated":true}]}}