{"id":11003,"date":"2023-10-02T10:03:41","date_gmt":"2023-10-02T08:03:41","guid":{"rendered":"https:\/\/coffeefactorysk.cz\/?post_type=product&#038;p=11003"},"modified":"2023-10-02T13:37:24","modified_gmt":"2023-10-02T11:37:24","slug":"espresso-pristroj-s-mlyncekom-na-kavu-ses876bss","status":"publish","type":"product","link":"https:\/\/coffeefactorysk.cz\/en\/produkt\/espresso-pristroj-s-mlyncekom-na-kavu-ses876bss\/","title":{"rendered":"Espresso pr\u00edstroj s mlyn\u010dekom na k\u00e1vu SES876BSS"},"content":{"rendered":"<div class=\"wpb-content-wrapper\"><p>[vc_row css=&#8221;.vc_custom_1636979247058{margin-bottom: 50px !important;}&#8221; woodmart_css_id=&#8221;61925220b02e3&#8243; responsive_spacing=&#8221;eyJwYXJhbV90eXBlIjoid29vZG1hcnRfcmVzcG9uc2l2ZV9zcGFjaW5nIiwic2VsZWN0b3JfaWQiOiI2MTkyNTIyMGIwMmUzIiwic2hvcnRjb2RlIjoidmNfcm93IiwiZGF0YSI6eyJ0YWJsZXQiOnsibWFyZ2luLWJvdHRvbSI6IjQwIn0sIm1vYmlsZSI6eyJtYXJnaW4tYm90dG9tIjoiMjAifX19&#8243; mobile_bg_img_hidden=&#8221;no&#8221; tablet_bg_img_hidden=&#8221;no&#8221; woodmart_parallax=&#8221;0&#8243; woodmart_gradient_switch=&#8221;no&#8221; woodmart_box_shadow=&#8221;no&#8221; wd_z_index=&#8221;no&#8221; woodmart_disable_overflow=&#8221;0&#8243; row_reverse_mobile=&#8221;0&#8243; row_reverse_tablet=&#8221;0&#8243;][vc_column css=&#8221;.vc_custom_1508143071646{padding-top: 0px !important;}&#8221;]\t\t<div id=\"wd-69f31bc5ea44c\" class=\"wd-timeline-wrapper wd-item-shadow wd-line-dashed wd-rs-69f31bc5ea44c \">\n\t\t\t<div class=\"woodmart-timeline-line\">\n\t\t\t\t<span class=\"line-dot dot-start\"><\/span>\n\t\t\t\t<span class=\"line-dot dot-end\"><\/span>\n\t\t\t<\/div>\n\t\t\t<div class=\"wd-timeline\">\n\t\t\t\t\t\t<div id=\"wd-651a79e9359a7\" class=\"wd-timeline-breakpoint\">\n\t\t\t<span class=\"woodmart-timeline-breakpoint-title\">Inteligentn\u00e9 d\u00e1vkovanie k\u00e1vy<\/span>\n\t\t\t\t\t<\/div>\n\t\t\t\t<div id=\"wd-651a88332c421\" class=\"wd-timeline-item wd-item-position-left text-larger\">\n\n\t\t\t<div class=\"woodmart-timeline-dot\"><\/div>\n\n\t\t\t<div class=\"timeline-col timeline-col-primary\">\n\t\t\t\t<span class=\"timeline-arrow\"><\/span>\n\t\t\t\t\t\t\t\t<h4 class=\"wd-timeline-title\"><\/h4>\n\t\t\t\t<div class=\"wd-timeline-content set-cont-mb-s reset-last-child\"><\/p>\n<p style=\"text-align: left;\">D\u00e1vka \u010derstvo namletej k\u00e1vy s automaticky vypo\u010d\u00edtava na z\u00e1klade posledn\u00e9ho mletia. Integrovan\u00fd k\u00f3nick\u00fd mlyn\u010dek umo\u017e\u0148uje v\u00fdber z 25 nastaven\u00ed hrubosti mletia.<\/p>\n<p><\/div>\n\t\t\t<\/div>\n\n\t\t\t<div class=\"timeline-col timeline-col-secondary\">\t\n\t\t\t\t<span class=\"timeline-arrow\"><\/span>\n\t\t\t\t\t\t\t\t\t<div class=\"wd-timeline-image\" >\n\t\t\t\t\t\t<img decoding=\"async\" width=\"2000\" height=\"1500\" src=\"https:\/\/coffeefactorysk.cz\/wp-content\/uploads\/2023\/10\/5ee1d3ea-f263-42b2-94a3-5e98bc70e26b.jpg\" class=\"attachment-full size-full\" alt=\"\" srcset=\"https:\/\/coffeefactorysk.cz\/wp-content\/uploads\/2023\/10\/5ee1d3ea-f263-42b2-94a3-5e98bc70e26b.jpg 2000w, https:\/\/coffeefactorysk.cz\/wp-content\/uploads\/2023\/10\/5ee1d3ea-f263-42b2-94a3-5e98bc70e26b-400x300.jpg 400w, https:\/\/coffeefactorysk.cz\/wp-content\/uploads\/2023\/10\/5ee1d3ea-f263-42b2-94a3-5e98bc70e26b-1067x800.jpg 1067w, https:\/\/coffeefactorysk.cz\/wp-content\/uploads\/2023\/10\/5ee1d3ea-f263-42b2-94a3-5e98bc70e26b-768x576.jpg 768w, https:\/\/coffeefactorysk.cz\/wp-content\/uploads\/2023\/10\/5ee1d3ea-f263-42b2-94a3-5e98bc70e26b-1536x1152.jpg 1536w, https:\/\/coffeefactorysk.cz\/wp-content\/uploads\/2023\/10\/5ee1d3ea-f263-42b2-94a3-5e98bc70e26b-860x645.jpg 860w, https:\/\/coffeefactorysk.cz\/wp-content\/uploads\/2023\/10\/5ee1d3ea-f263-42b2-94a3-5e98bc70e26b-100x75.jpg 100w, https:\/\/coffeefactorysk.cz\/wp-content\/uploads\/2023\/10\/5ee1d3ea-f263-42b2-94a3-5e98bc70e26b-430x323.jpg 430w, https:\/\/coffeefactorysk.cz\/wp-content\/uploads\/2023\/10\/5ee1d3ea-f263-42b2-94a3-5e98bc70e26b-700x525.jpg 700w, https:\/\/coffeefactorysk.cz\/wp-content\/uploads\/2023\/10\/5ee1d3ea-f263-42b2-94a3-5e98bc70e26b-150x113.jpg 150w\" sizes=\"(max-width: 2000px) 100vw, 2000px\" \/>\t\t\t\t\t<\/div>\n\t\t\t\t\t\t\t\t<h4 class=\"wd-timeline-title\"><\/h4>\n\t\t\t\t<div class=\"wd-timeline-content set-cont-mb-s reset-last-child\"><\/div>\n\t\t\t<\/div>\n\t\t\t\t\t<\/div>\n\t\t\t\t<div id=\"wd-651a7a2499816\" class=\"wd-timeline-breakpoint\">\n\t\t\t<span class=\"woodmart-timeline-breakpoint-title\">Syst\u00e9m Impress Puck\u2122<\/span>\n\t\t\t\t\t<\/div>\n\t\t\t\t<div id=\"wd-651a889550917\" class=\"wd-timeline-item wd-item-position-right text-larger\">\n\n\t\t\t<div class=\"woodmart-timeline-dot\"><\/div>\n\n\t\t\t<div class=\"timeline-col timeline-col-primary\">\n\t\t\t\t<span class=\"timeline-arrow\"><\/span>\n\t\t\t\t\t\t\t\t<h4 class=\"wd-timeline-title\"><\/h4>\n\t\t\t\t<div class=\"wd-timeline-content set-cont-mb-s reset-last-child\"><\/p>\n<p style=\"text-align: left;\">Pro optim\u00e1lnu extrakciu k\u00e1vy je nevyhnutn\u00e9 spr\u00e1vne d\u00e1vkov\u00e1nie k\u00e1vy a jej rovnomern\u00e9 utla\u010dovanie. To dosiahneme tak, \u017ee presn\u00e1 d\u00e1vka \u010derstvo namletej k\u00e1vy sa priamp z mlyn\u010deka napln\u00ed do stredu p\u00e1ky.<\/p>\n<p><\/div>\n\t\t\t<\/div>\n\n\t\t\t<div class=\"timeline-col timeline-col-secondary\">\t\n\t\t\t\t<span class=\"timeline-arrow\"><\/span>\n\t\t\t\t\t\t\t\t\t<div class=\"wd-timeline-image\" >\n\t\t\t\t\t\t<img decoding=\"async\" width=\"2000\" height=\"1500\" src=\"https:\/\/coffeefactorysk.cz\/wp-content\/uploads\/2023\/10\/81508308-4629-4ba2-ad62-698551da6a85.jpg\" class=\"attachment-full size-full\" alt=\"\" srcset=\"https:\/\/coffeefactorysk.cz\/wp-content\/uploads\/2023\/10\/81508308-4629-4ba2-ad62-698551da6a85.jpg 2000w, https:\/\/coffeefactorysk.cz\/wp-content\/uploads\/2023\/10\/81508308-4629-4ba2-ad62-698551da6a85-400x300.jpg 400w, https:\/\/coffeefactorysk.cz\/wp-content\/uploads\/2023\/10\/81508308-4629-4ba2-ad62-698551da6a85-1067x800.jpg 1067w, https:\/\/coffeefactorysk.cz\/wp-content\/uploads\/2023\/10\/81508308-4629-4ba2-ad62-698551da6a85-768x576.jpg 768w, https:\/\/coffeefactorysk.cz\/wp-content\/uploads\/2023\/10\/81508308-4629-4ba2-ad62-698551da6a85-1536x1152.jpg 1536w, https:\/\/coffeefactorysk.cz\/wp-content\/uploads\/2023\/10\/81508308-4629-4ba2-ad62-698551da6a85-860x645.jpg 860w, https:\/\/coffeefactorysk.cz\/wp-content\/uploads\/2023\/10\/81508308-4629-4ba2-ad62-698551da6a85-100x75.jpg 100w, https:\/\/coffeefactorysk.cz\/wp-content\/uploads\/2023\/10\/81508308-4629-4ba2-ad62-698551da6a85-430x323.jpg 430w, https:\/\/coffeefactorysk.cz\/wp-content\/uploads\/2023\/10\/81508308-4629-4ba2-ad62-698551da6a85-700x525.jpg 700w, https:\/\/coffeefactorysk.cz\/wp-content\/uploads\/2023\/10\/81508308-4629-4ba2-ad62-698551da6a85-150x113.jpg 150w\" sizes=\"(max-width: 2000px) 100vw, 2000px\" \/>\t\t\t\t\t<\/div>\n\t\t\t\t\t\t\t\t<h4 class=\"wd-timeline-title\"><\/h4>\n\t\t\t\t<div class=\"wd-timeline-content set-cont-mb-s reset-last-child\"><\/div>\n\t\t\t<\/div>\n\t\t\t\t\t<\/div>\n\t\t\t\t<div id=\"wd-651a7a3fd28db\" class=\"wd-timeline-breakpoint\">\n\t\t\t<span class=\"woodmart-timeline-breakpoint-title\">Asistovan\u00e9 utla\u010dovanie k\u00e1vy<\/span>\n\t\t\t\t\t<\/div>\n\t\t\t\t<div id=\"wd-651a88d27ad3c\" class=\"wd-timeline-item wd-item-position-left text-larger\">\n\n\t\t\t<div class=\"woodmart-timeline-dot\"><\/div>\n\n\t\t\t<div class=\"timeline-col timeline-col-primary\">\n\t\t\t\t<span class=\"timeline-arrow\"><\/span>\n\t\t\t\t\t\t\t\t<h4 class=\"wd-timeline-title\"><\/h4>\n\t\t\t\t<div class=\"wd-timeline-content set-cont-mb-s reset-last-child\"><\/p>\n<p style=\"text-align: left;\">Namlet\u00fa k\u00e1vu v p\u00e1ke rovnomerne utl\u00e1\u010da p\u00e1kov\u00fd tamper, ktor\u00fd vytvor\u00ed 10kg tlak a na z\u00e1ver e\u0161te k\u00e1vu stla\u010d\u00ed miernym pooto\u010den\u00edm o sedem stup\u0148ov.<\/p>\n<p><\/div>\n\t\t\t<\/div>\n\n\t\t\t<div class=\"timeline-col timeline-col-secondary\">\t\n\t\t\t\t<span class=\"timeline-arrow\"><\/span>\n\t\t\t\t\t\t\t\t\t<div class=\"wd-timeline-image\" >\n\t\t\t\t\t\t<img decoding=\"async\" width=\"2000\" height=\"1500\" src=\"https:\/\/coffeefactorysk.cz\/wp-content\/uploads\/2023\/10\/a8244eca-f85f-4359-848e-3c3741fbc7eb.jpg\" class=\"attachment-full size-full\" alt=\"\" srcset=\"https:\/\/coffeefactorysk.cz\/wp-content\/uploads\/2023\/10\/a8244eca-f85f-4359-848e-3c3741fbc7eb.jpg 2000w, https:\/\/coffeefactorysk.cz\/wp-content\/uploads\/2023\/10\/a8244eca-f85f-4359-848e-3c3741fbc7eb-400x300.jpg 400w, https:\/\/coffeefactorysk.cz\/wp-content\/uploads\/2023\/10\/a8244eca-f85f-4359-848e-3c3741fbc7eb-1067x800.jpg 1067w, https:\/\/coffeefactorysk.cz\/wp-content\/uploads\/2023\/10\/a8244eca-f85f-4359-848e-3c3741fbc7eb-768x576.jpg 768w, https:\/\/coffeefactorysk.cz\/wp-content\/uploads\/2023\/10\/a8244eca-f85f-4359-848e-3c3741fbc7eb-1536x1152.jpg 1536w, https:\/\/coffeefactorysk.cz\/wp-content\/uploads\/2023\/10\/a8244eca-f85f-4359-848e-3c3741fbc7eb-860x645.jpg 860w, https:\/\/coffeefactorysk.cz\/wp-content\/uploads\/2023\/10\/a8244eca-f85f-4359-848e-3c3741fbc7eb-100x75.jpg 100w, https:\/\/coffeefactorysk.cz\/wp-content\/uploads\/2023\/10\/a8244eca-f85f-4359-848e-3c3741fbc7eb-430x323.jpg 430w, https:\/\/coffeefactorysk.cz\/wp-content\/uploads\/2023\/10\/a8244eca-f85f-4359-848e-3c3741fbc7eb-700x525.jpg 700w, https:\/\/coffeefactorysk.cz\/wp-content\/uploads\/2023\/10\/a8244eca-f85f-4359-848e-3c3741fbc7eb-150x113.jpg 150w\" sizes=\"(max-width: 2000px) 100vw, 2000px\" \/>\t\t\t\t\t<\/div>\n\t\t\t\t\t\t\t\t<h4 class=\"wd-timeline-title\"><\/h4>\n\t\t\t\t<div class=\"wd-timeline-content set-cont-mb-s reset-last-child\"><\/div>\n\t\t\t<\/div>\n\t\t\t\t\t<\/div>\n\t\t\t\t<div id=\"wd-651a7a6de23e6\" class=\"wd-timeline-breakpoint\">\n\t\t\t<span class=\"woodmart-timeline-breakpoint-title\">Profesion\u00e1lna 54mm p\u00e1ka<\/span>\n\t\t\t\t\t<\/div>\n\t\t\t\t<div id=\"wd-651a88e75ffed\" class=\"wd-timeline-item wd-item-position-right text-larger\">\n\n\t\t\t<div class=\"woodmart-timeline-dot\"><\/div>\n\n\t\t\t<div class=\"timeline-col timeline-col-primary\">\n\t\t\t\t<span class=\"timeline-arrow\"><\/span>\n\t\t\t\t\t\t\t\t<h4 class=\"wd-timeline-title\"><\/h4>\n\t\t\t\t<div class=\"wd-timeline-content set-cont-mb-s reset-last-child\"><\/p>\n<section class=\"functions\">\n<div class=\"functions__wrapper d500 animated fadeIn\">\n<div class=\"functions__description\">\n<p style=\"text-align: left;\">Pln\u00fa a komplexn\u00fa chu\u0165 k\u00e1vy dosiahnete pomocou ide\u00e1lneho d\u00e1vkovania 18 g \u010derstvo namlet\u00fdch k\u00e1vov\u00fdch z\u0155n, ktor\u00e1 sa vojd\u00fa do kvalitnej p\u00e1ky s priemerom 54 mm.<\/p>\n<\/div>\n<\/div>\n<\/section>\n<p>\u00a0<\/div>\n\t\t\t<\/div>\n\n\t\t\t<div class=\"timeline-col timeline-col-secondary\">\t\n\t\t\t\t<span class=\"timeline-arrow\"><\/span>\n\t\t\t\t\t\t\t\t\t<div class=\"wd-timeline-image\" >\n\t\t\t\t\t\t<img decoding=\"async\" width=\"2000\" height=\"1500\" src=\"https:\/\/coffeefactorysk.cz\/wp-content\/uploads\/2023\/10\/66c1669a-609c-4058-ae58-c263dd2215d7.jpg\" class=\"attachment-full size-full\" alt=\"\" srcset=\"https:\/\/coffeefactorysk.cz\/wp-content\/uploads\/2023\/10\/66c1669a-609c-4058-ae58-c263dd2215d7.jpg 2000w, https:\/\/coffeefactorysk.cz\/wp-content\/uploads\/2023\/10\/66c1669a-609c-4058-ae58-c263dd2215d7-400x300.jpg 400w, https:\/\/coffeefactorysk.cz\/wp-content\/uploads\/2023\/10\/66c1669a-609c-4058-ae58-c263dd2215d7-1067x800.jpg 1067w, https:\/\/coffeefactorysk.cz\/wp-content\/uploads\/2023\/10\/66c1669a-609c-4058-ae58-c263dd2215d7-768x576.jpg 768w, https:\/\/coffeefactorysk.cz\/wp-content\/uploads\/2023\/10\/66c1669a-609c-4058-ae58-c263dd2215d7-1536x1152.jpg 1536w, https:\/\/coffeefactorysk.cz\/wp-content\/uploads\/2023\/10\/66c1669a-609c-4058-ae58-c263dd2215d7-860x645.jpg 860w, https:\/\/coffeefactorysk.cz\/wp-content\/uploads\/2023\/10\/66c1669a-609c-4058-ae58-c263dd2215d7-100x75.jpg 100w, https:\/\/coffeefactorysk.cz\/wp-content\/uploads\/2023\/10\/66c1669a-609c-4058-ae58-c263dd2215d7-430x323.jpg 430w, https:\/\/coffeefactorysk.cz\/wp-content\/uploads\/2023\/10\/66c1669a-609c-4058-ae58-c263dd2215d7-700x525.jpg 700w, https:\/\/coffeefactorysk.cz\/wp-content\/uploads\/2023\/10\/66c1669a-609c-4058-ae58-c263dd2215d7-150x113.jpg 150w\" sizes=\"(max-width: 2000px) 100vw, 2000px\" \/>\t\t\t\t\t<\/div>\n\t\t\t\t\t\t\t\t<h4 class=\"wd-timeline-title\"><\/h4>\n\t\t\t\t<div class=\"wd-timeline-content set-cont-mb-s reset-last-child\"><\/div>\n\t\t\t<\/div>\n\t\t\t\t\t<\/div>\n\t\t\t\t<div id=\"wd-651a89485b635\" class=\"wd-timeline-breakpoint\">\n\t\t\t<span class=\"woodmart-timeline-breakpoint-title\">Syst\u00e9m n\u00edzkotlakov\u00e9ho predsparenia<\/span>\n\t\t\t\t\t<\/div>\n\t\t\t\t<div id=\"wd-651a8950a9851\" class=\"wd-timeline-item wd-item-position-left text-larger\">\n\n\t\t\t<div class=\"woodmart-timeline-dot\"><\/div>\n\n\t\t\t<div class=\"timeline-col timeline-col-primary\">\n\t\t\t\t<span class=\"timeline-arrow\"><\/span>\n\t\t\t\t\t\t\t\t<h4 class=\"wd-timeline-title\"><\/h4>\n\t\t\t\t<div class=\"wd-timeline-content set-cont-mb-s reset-last-child\"><\/p>\n<p style=\"text-align: left;\">Dokonal\u00fa karamelov\u00fa cremu na espresse zabezpe\u010d\u00ed n\u00edzkotlakov\u00e9 predsparenie, po ktorom nasleduje vysokotlakov\u00e1 extrakcia<\/p>\n<p><\/div>\n\t\t\t<\/div>\n\n\t\t\t<div class=\"timeline-col timeline-col-secondary\">\t\n\t\t\t\t<span class=\"timeline-arrow\"><\/span>\n\t\t\t\t\t\t\t\t\t<div class=\"wd-timeline-image\" >\n\t\t\t\t\t\t<img decoding=\"async\" width=\"2000\" height=\"1500\" src=\"https:\/\/coffeefactorysk.cz\/wp-content\/uploads\/2023\/10\/da2f11a7-0003-4265-b398-869042c8ff16.jpg\" class=\"attachment-full size-full\" alt=\"\" srcset=\"https:\/\/coffeefactorysk.cz\/wp-content\/uploads\/2023\/10\/da2f11a7-0003-4265-b398-869042c8ff16.jpg 2000w, https:\/\/coffeefactorysk.cz\/wp-content\/uploads\/2023\/10\/da2f11a7-0003-4265-b398-869042c8ff16-400x300.jpg 400w, https:\/\/coffeefactorysk.cz\/wp-content\/uploads\/2023\/10\/da2f11a7-0003-4265-b398-869042c8ff16-1067x800.jpg 1067w, https:\/\/coffeefactorysk.cz\/wp-content\/uploads\/2023\/10\/da2f11a7-0003-4265-b398-869042c8ff16-768x576.jpg 768w, https:\/\/coffeefactorysk.cz\/wp-content\/uploads\/2023\/10\/da2f11a7-0003-4265-b398-869042c8ff16-1536x1152.jpg 1536w, https:\/\/coffeefactorysk.cz\/wp-content\/uploads\/2023\/10\/da2f11a7-0003-4265-b398-869042c8ff16-860x645.jpg 860w, https:\/\/coffeefactorysk.cz\/wp-content\/uploads\/2023\/10\/da2f11a7-0003-4265-b398-869042c8ff16-100x75.jpg 100w, https:\/\/coffeefactorysk.cz\/wp-content\/uploads\/2023\/10\/da2f11a7-0003-4265-b398-869042c8ff16-430x323.jpg 430w, https:\/\/coffeefactorysk.cz\/wp-content\/uploads\/2023\/10\/da2f11a7-0003-4265-b398-869042c8ff16-700x525.jpg 700w, https:\/\/coffeefactorysk.cz\/wp-content\/uploads\/2023\/10\/da2f11a7-0003-4265-b398-869042c8ff16-150x113.jpg 150w\" sizes=\"(max-width: 2000px) 100vw, 2000px\" \/>\t\t\t\t\t<\/div>\n\t\t\t\t\t\t\t\t<h4 class=\"wd-timeline-title\"><\/h4>\n\t\t\t\t<div class=\"wd-timeline-content set-cont-mb-s reset-last-child\"><\/div>\n\t\t\t<\/div>\n\t\t\t\t\t<\/div>\n\t\t\t\t\t<\/div>\n\t\t\t\t\t<\/div>\n\t\t[\/vc_column][\/vc_row]<\/p>\n<\/div>","protected":false},"excerpt":{"rendered":"<pre id=\"tw-target-text\" class=\"tw-data-text tw-text-large tw-ta\" dir=\"ltr\" data-placeholder=\"Preklad\"><span class=\"Y2IQFc\" lang=\"sk\"><strong>Od k\u00e1vov\u00e9ho zrnka k dokonal\u00e9mu espresu za menej ako min\u00fatu. Nov\u00fd k\u00e1vovar Barista Express so syst\u00e9mem Impress\u2122 Puck pre v\u017edy perfektn\u00e9 d\u00e1vkovanie a utla\u010dovanie k\u00e1vy. Menej neporiadku a \u0161\u00e1lka k\u00e1vy, ktor\u00e1 zanech\u00e1 dokonal\u00fd dojem.\r\n<\/strong>\r\n\r\nVieme, co o\u010dak\u00e1vate od ide\u00e1lneho k\u00e1vovaru.\r\nV\u017edy dokonal\u00fd v\u00fdsledok, co nejmenej \u0161tudovania manu\u00e1lu a \u017eiadny neporiadok. Va\u0161e prianie sme zhmotnili do k\u00e1vovaru the Barista Express\u2122 Impress, ktor\u00fd zanech\u00e1 dokonal\u00fd dojem za ka\u017ed\u00fdch okolnost\u00ed a vo v\u0161etk\u00fdch oh\u013eadoch. Ale v prvom rade vo va\u0161ich chu\u0165ov\u00fdch poh\u00e1rikoch. \r\n<\/span><\/pre>\n","protected":false},"featured_media":11004,"comment_status":"open","ping_status":"closed","template":"","meta":[],"product_cat":[173,174],"product_tag":[],"class_list":{"0":"post-11003","1":"product","2":"type-product","3":"status-publish","4":"has-post-thumbnail","6":"product_cat-kavovary","7":"product_cat-kavovary-a-mlynceky","9":"first","10":"instock","11":"taxable","12":"shipping-taxable","13":"product-type-simple"},"yoast_head":"<!-- This site is optimized with the Yoast SEO plugin v21.0 - https:\/\/yoast.com\/wordpress\/plugins\/seo\/ -->\n<title>Espresso pr\u00edstroj s mlyn\u010dekom na k\u00e1vu SES876BSS - coffeefactory.sk<\/title>\n<meta name=\"robots\" content=\"index, follow, max-snippet:-1, max-image-preview:large, max-video-preview:-1\" \/>\n<link rel=\"canonical\" href=\"https:\/\/coffeefactorysk.cz\/produkt\/espresso-pristroj-s-mlyncekom-na-kavu-ses876bss\/\" \/>\n<meta property=\"og:locale\" content=\"en_US\" \/>\n<meta property=\"og:type\" content=\"article\" \/>\n<meta property=\"og:title\" content=\"Espresso pr\u00edstroj s mlyn\u010dekom na k\u00e1vu SES876BSS - coffeefactory.sk\" \/>\n<meta property=\"og:description\" content=\"Od k\u00e1vov\u00e9ho zrnka k dokonal\u00e9mu espresu za menej ako min\u00fatu. Nov\u00fd k\u00e1vovar Barista Express so syst\u00e9mem Impress\u2122 Puck pre v\u017edy perfektn\u00e9 d\u00e1vkovanie a utla\u010dovanie k\u00e1vy. Menej neporiadku a \u0161\u00e1lka k\u00e1vy, ktor\u00e1 zanech\u00e1 dokonal\u00fd dojem.   Vieme, co o\u010dak\u00e1vate od ide\u00e1lneho k\u00e1vovaru. V\u017edy dokonal\u00fd v\u00fdsledok, co nejmenej \u0161tudovania manu\u00e1lu a \u017eiadny neporiadok. Va\u0161e prianie sme zhmotnili do k\u00e1vovaru the Barista Express\u2122 Impress, ktor\u00fd zanech\u00e1 dokonal\u00fd dojem za ka\u017ed\u00fdch okolnost\u00ed a vo v\u0161etk\u00fdch oh\u013eadoch. Ale v prvom rade vo va\u0161ich chu\u0165ov\u00fdch poh\u00e1rikoch.\" \/>\n<meta property=\"og:url\" content=\"https:\/\/coffeefactorysk.cz\/produkt\/espresso-pristroj-s-mlyncekom-na-kavu-ses876bss\/\" \/>\n<meta property=\"og:site_name\" content=\"coffeefactory.sk\" \/>\n<meta property=\"article:modified_time\" content=\"2023-10-02T11:37:24+00:00\" \/>\n<meta property=\"og:image\" content=\"https:\/\/coffeefactorysk.cz\/wp-content\/uploads\/2023\/10\/a233f3d5-1e47-46d7-a461-24516833f2ed.jpg\" \/>\n\t<meta property=\"og:image:width\" content=\"1700\" \/>\n\t<meta property=\"og:image:height\" content=\"1700\" \/>\n\t<meta property=\"og:image:type\" content=\"image\/jpeg\" \/>\n<meta name=\"twitter:card\" content=\"summary_large_image\" \/>\n<meta name=\"twitter:label1\" content=\"Est. reading time\" \/>\n\t<meta name=\"twitter:data1\" content=\"2 minutes\" \/>\n<script type=\"application\/ld+json\" class=\"yoast-schema-graph\">{\"@context\":\"https:\/\/schema.org\",\"@graph\":[{\"@type\":\"WebPage\",\"@id\":\"https:\/\/coffeefactorysk.cz\/produkt\/espresso-pristroj-s-mlyncekom-na-kavu-ses876bss\/\",\"url\":\"https:\/\/coffeefactorysk.cz\/produkt\/espresso-pristroj-s-mlyncekom-na-kavu-ses876bss\/\",\"name\":\"Espresso pr\u00edstroj s mlyn\u010dekom na k\u00e1vu SES876BSS - coffeefactory.sk\",\"isPartOf\":{\"@id\":\"https:\/\/coffeefactorysk.cz\/#website\"},\"datePublished\":\"2023-10-02T08:03:41+00:00\",\"dateModified\":\"2023-10-02T11:37:24+00:00\",\"breadcrumb\":{\"@id\":\"https:\/\/coffeefactorysk.cz\/produkt\/espresso-pristroj-s-mlyncekom-na-kavu-ses876bss\/#breadcrumb\"},\"inLanguage\":\"en-US\",\"potentialAction\":[{\"@type\":\"ReadAction\",\"target\":[\"https:\/\/coffeefactorysk.cz\/produkt\/espresso-pristroj-s-mlyncekom-na-kavu-ses876bss\/\"]}]},{\"@type\":\"BreadcrumbList\",\"@id\":\"https:\/\/coffeefactorysk.cz\/produkt\/espresso-pristroj-s-mlyncekom-na-kavu-ses876bss\/#breadcrumb\",\"itemListElement\":[{\"@type\":\"ListItem\",\"position\":1,\"name\":\"Domovsk\u00e1 str\u00e1nka\",\"item\":\"https:\/\/coffeefactorysk.cz\/\"},{\"@type\":\"ListItem\",\"position\":2,\"name\":\"Produkty\",\"item\":\"https:\/\/coffeefactorysk.cz\/obchod\/\"},{\"@type\":\"ListItem\",\"position\":3,\"name\":\"Espresso pr\u00edstroj s mlyn\u010dekom na k\u00e1vu SES876BSS\"}]},{\"@type\":\"WebSite\",\"@id\":\"https:\/\/coffeefactorysk.cz\/#website\",\"url\":\"https:\/\/coffeefactorysk.cz\/\",\"name\":\"coffeefactory.sk\",\"description\":\"Eshop s kvalitnou k\u00e1vou\",\"potentialAction\":[{\"@type\":\"SearchAction\",\"target\":{\"@type\":\"EntryPoint\",\"urlTemplate\":\"https:\/\/coffeefactorysk.cz\/?s={search_term_string}\"},\"query-input\":\"required name=search_term_string\"}],\"inLanguage\":\"en-US\"}]}<\/script>\n<!-- \/ Yoast SEO plugin. -->","yoast_head_json":{"title":"Espresso pr\u00edstroj s mlyn\u010dekom na k\u00e1vu SES876BSS - coffeefactory.sk","robots":{"index":"index","follow":"follow","max-snippet":"max-snippet:-1","max-image-preview":"max-image-preview:large","max-video-preview":"max-video-preview:-1"},"canonical":"https:\/\/coffeefactorysk.cz\/produkt\/espresso-pristroj-s-mlyncekom-na-kavu-ses876bss\/","og_locale":"en_US","og_type":"article","og_title":"Espresso pr\u00edstroj s mlyn\u010dekom na k\u00e1vu SES876BSS - coffeefactory.sk","og_description":"Od k\u00e1vov\u00e9ho zrnka k dokonal\u00e9mu espresu za menej ako min\u00fatu. Nov\u00fd k\u00e1vovar Barista Express so syst\u00e9mem Impress\u2122 Puck pre v\u017edy perfektn\u00e9 d\u00e1vkovanie a utla\u010dovanie k\u00e1vy. Menej neporiadku a \u0161\u00e1lka k\u00e1vy, ktor\u00e1 zanech\u00e1 dokonal\u00fd dojem.   Vieme, co o\u010dak\u00e1vate od ide\u00e1lneho k\u00e1vovaru. V\u017edy dokonal\u00fd v\u00fdsledok, co nejmenej \u0161tudovania manu\u00e1lu a \u017eiadny neporiadok. Va\u0161e prianie sme zhmotnili do k\u00e1vovaru the Barista Express\u2122 Impress, ktor\u00fd zanech\u00e1 dokonal\u00fd dojem za ka\u017ed\u00fdch okolnost\u00ed a vo v\u0161etk\u00fdch oh\u013eadoch. Ale v prvom rade vo va\u0161ich chu\u0165ov\u00fdch poh\u00e1rikoch.","og_url":"https:\/\/coffeefactorysk.cz\/produkt\/espresso-pristroj-s-mlyncekom-na-kavu-ses876bss\/","og_site_name":"coffeefactory.sk","article_modified_time":"2023-10-02T11:37:24+00:00","og_image":[{"width":1700,"height":1700,"url":"https:\/\/coffeefactorysk.cz\/wp-content\/uploads\/2023\/10\/a233f3d5-1e47-46d7-a461-24516833f2ed.jpg","type":"image\/jpeg"}],"twitter_card":"summary_large_image","twitter_misc":{"Est. reading time":"2 minutes"},"schema":{"@context":"https:\/\/schema.org","@graph":[{"@type":"WebPage","@id":"https:\/\/coffeefactorysk.cz\/produkt\/espresso-pristroj-s-mlyncekom-na-kavu-ses876bss\/","url":"https:\/\/coffeefactorysk.cz\/produkt\/espresso-pristroj-s-mlyncekom-na-kavu-ses876bss\/","name":"Espresso pr\u00edstroj s mlyn\u010dekom na k\u00e1vu SES876BSS - coffeefactory.sk","isPartOf":{"@id":"https:\/\/coffeefactorysk.cz\/#website"},"datePublished":"2023-10-02T08:03:41+00:00","dateModified":"2023-10-02T11:37:24+00:00","breadcrumb":{"@id":"https:\/\/coffeefactorysk.cz\/produkt\/espresso-pristroj-s-mlyncekom-na-kavu-ses876bss\/#breadcrumb"},"inLanguage":"en-US","potentialAction":[{"@type":"ReadAction","target":["https:\/\/coffeefactorysk.cz\/produkt\/espresso-pristroj-s-mlyncekom-na-kavu-ses876bss\/"]}]},{"@type":"BreadcrumbList","@id":"https:\/\/coffeefactorysk.cz\/produkt\/espresso-pristroj-s-mlyncekom-na-kavu-ses876bss\/#breadcrumb","itemListElement":[{"@type":"ListItem","position":1,"name":"Domovsk\u00e1 str\u00e1nka","item":"https:\/\/coffeefactorysk.cz\/"},{"@type":"ListItem","position":2,"name":"Produkty","item":"https:\/\/coffeefactorysk.cz\/obchod\/"},{"@type":"ListItem","position":3,"name":"Espresso pr\u00edstroj s mlyn\u010dekom na k\u00e1vu SES876BSS"}]},{"@type":"WebSite","@id":"https:\/\/coffeefactorysk.cz\/#website","url":"https:\/\/coffeefactorysk.cz\/","name":"coffeefactory.sk","description":"Eshop s kvalitnou k\u00e1vou","potentialAction":[{"@type":"SearchAction","target":{"@type":"EntryPoint","urlTemplate":"https:\/\/coffeefactorysk.cz\/?s={search_term_string}"},"query-input":"required name=search_term_string"}],"inLanguage":"en-US"}]}},"_links":{"self":[{"href":"https:\/\/coffeefactorysk.cz\/en\/wp-json\/wp\/v2\/product\/11003","targetHints":{"allow":["GET"]}}],"collection":[{"href":"https:\/\/coffeefactorysk.cz\/en\/wp-json\/wp\/v2\/product"}],"about":[{"href":"https:\/\/coffeefactorysk.cz\/en\/wp-json\/wp\/v2\/types\/product"}],"replies":[{"embeddable":true,"href":"https:\/\/coffeefactorysk.cz\/en\/wp-json\/wp\/v2\/comments?post=11003"}],"wp:featuredmedia":[{"embeddable":true,"href":"https:\/\/coffeefactorysk.cz\/en\/wp-json\/wp\/v2\/media\/11004"}],"wp:attachment":[{"href":"https:\/\/coffeefactorysk.cz\/en\/wp-json\/wp\/v2\/media?parent=11003"}],"wp:term":[{"taxonomy":"product_cat","embeddable":true,"href":"https:\/\/coffeefactorysk.cz\/en\/wp-json\/wp\/v2\/product_cat?post=11003"},{"taxonomy":"product_tag","embeddable":true,"href":"https:\/\/coffeefactorysk.cz\/en\/wp-json\/wp\/v2\/product_tag?post=11003"}],"curies":[{"name":"wp","href":"https:\/\/api.w.org\/{rel}","templated":true}]}}