{"id":10957,"date":"2023-10-02T00:39:59","date_gmt":"2023-10-01T22:39:59","guid":{"rendered":"https:\/\/coffeefactorysk.cz\/?post_type=product&#038;p=10957"},"modified":"2023-10-02T02:59:07","modified_gmt":"2023-10-02T00:59:07","slug":"bes980bss","status":"publish","type":"product","link":"https:\/\/coffeefactorysk.cz\/en\/produkt\/bes980bss\/","title":{"rendered":"Automatick\u00e9 p\u00e1kov\u00e9 espresso s mlyn\u010dekom BES980BSS"},"content":{"rendered":"<div class=\"wpb-content-wrapper\"><p>[vc_row css=&#8221;.vc_custom_1636979247058{margin-bottom: 50px !important;}&#8221; woodmart_css_id=&#8221;61925220b02e3&#8243; responsive_spacing=&#8221;eyJwYXJhbV90eXBlIjoid29vZG1hcnRfcmVzcG9uc2l2ZV9zcGFjaW5nIiwic2VsZWN0b3JfaWQiOiI2MTkyNTIyMGIwMmUzIiwic2hvcnRjb2RlIjoidmNfcm93IiwiZGF0YSI6eyJ0YWJsZXQiOnsibWFyZ2luLWJvdHRvbSI6IjQwIn0sIm1vYmlsZSI6eyJtYXJnaW4tYm90dG9tIjoiMjAifX19&#8243; mobile_bg_img_hidden=&#8221;no&#8221; tablet_bg_img_hidden=&#8221;no&#8221; woodmart_parallax=&#8221;0&#8243; woodmart_gradient_switch=&#8221;no&#8221; woodmart_box_shadow=&#8221;no&#8221; wd_z_index=&#8221;no&#8221; woodmart_disable_overflow=&#8221;0&#8243; row_reverse_mobile=&#8221;0&#8243; row_reverse_tablet=&#8221;0&#8243;][vc_column css=&#8221;.vc_custom_1508143071646{padding-top: 0px !important;}&#8221;]\t\t<div id=\"wd-69f3341e48eb9\" class=\"wd-timeline-wrapper wd-item-shadow wd-line-dashed wd-rs-69f3341e48eb9 \">\n\t\t\t<div class=\"woodmart-timeline-line\">\n\t\t\t\t<span class=\"line-dot dot-start\"><\/span>\n\t\t\t\t<span class=\"line-dot dot-end\"><\/span>\n\t\t\t<\/div>\n\t\t\t<div class=\"wd-timeline\">\n\t\t\t\t\t\t<div id=\"wd-6519f6c8d9a52\" class=\"wd-timeline-breakpoint\">\n\t\t\t<span class=\"woodmart-timeline-breakpoint-title\">Starostliv\u00e1 pr\u00edprava<\/span>\n\t\t\t\t\t<\/div>\n\t\t\t\t<div id=\"wd-6519f70d7cab1\" class=\"wd-timeline-item wd-item-position-left text-larger\">\n\n\t\t\t<div class=\"woodmart-timeline-dot\"><\/div>\n\n\t\t\t<div class=\"timeline-col timeline-col-primary\">\n\t\t\t\t<span class=\"timeline-arrow\"><\/span>\n\t\t\t\t\t\t\t\t<h4 class=\"wd-timeline-title\"><\/h4>\n\t\t\t\t<div class=\"wd-timeline-content set-cont-mb-s reset-last-child\"><\/p>\n<p style=\"text-align: left;\">Dokonal\u00e1 \u0161\u00e1lka k\u00e1vy vy\u017eaduje spr\u00e1vnu kombin\u00e1ciu krokov po\u010dn\u00fac mlet\u00edm cez spr\u00e1vnu teplotu a\u017e po tlak, a to v priebehu celej doby extrakcie. Srdcom profesion\u00e1lneho espressa \u201eThe OracleTM je v\u00fdhrevn\u00fd syst\u00e9m s dvomi nerezov\u00fdmi ohrieva\u010dmi vody. Samostatn\u00fd ohrieva\u010d vody na pr\u00edpravu espressa s toleranciou len +\/- 1 \u00b0C a samostatn\u00fd ohrieva\u010d vody na tvorbu pary, ktor\u00fd zabezpe\u010duje st\u00e1ly v\u00fddaj pary v momente. M\u00f4\u017eete tak s\u00fa\u010dasne pripravova\u0165 espresso pri optim\u00e1lnej teplote s dosiahnut\u00edm maxim\u00e1lnej chuti a z\u00e1rove\u0148 napeni\u0165 mlieko. Naviac je sparovacia hlava pr\u00edstroja vybaven\u00e1 v\u00fdhrevn\u00fdm telesom, ktor\u00e9 zabezpe\u010duje, \u017ee od za\u010diatku a\u017e do konca extrakcie bude v celom syst\u00e9me udr\u017ean\u00e1 kon\u0161tantn\u00e1 teplota. Integrovan\u00fd k\u00f3nick\u00fd mlyn\u010dek s kovov\u00fdmi mlec\u00edmi kame\u0148mi automaticky namelie, nad\u00e1vkuje a utla\u010d\u00ed (utampuje) a\u017e 22 gramov k\u00e1vy pre dvojn\u00e1sobn\u00fa expl\u00f3ziu chuti.<\/p>\n<p><\/div>\n\t\t\t<\/div>\n\n\t\t\t<div class=\"timeline-col timeline-col-secondary\">\t\n\t\t\t\t<span class=\"timeline-arrow\"><\/span>\n\t\t\t\t\t\t\t\t\t<div class=\"wd-timeline-image\" >\n\t\t\t\t\t\t<img decoding=\"async\" width=\"1500\" height=\"900\" src=\"https:\/\/coffeefactorysk.cz\/wp-content\/uploads\/2023\/10\/b1bcb2ae-1c5e-4031-a6ef-8c9754e6426a.jpg\" class=\"attachment-full size-full\" alt=\"\" srcset=\"https:\/\/coffeefactorysk.cz\/wp-content\/uploads\/2023\/10\/b1bcb2ae-1c5e-4031-a6ef-8c9754e6426a.jpg 1500w, https:\/\/coffeefactorysk.cz\/wp-content\/uploads\/2023\/10\/b1bcb2ae-1c5e-4031-a6ef-8c9754e6426a-400x240.jpg 400w, https:\/\/coffeefactorysk.cz\/wp-content\/uploads\/2023\/10\/b1bcb2ae-1c5e-4031-a6ef-8c9754e6426a-1300x780.jpg 1300w, https:\/\/coffeefactorysk.cz\/wp-content\/uploads\/2023\/10\/b1bcb2ae-1c5e-4031-a6ef-8c9754e6426a-768x461.jpg 768w, https:\/\/coffeefactorysk.cz\/wp-content\/uploads\/2023\/10\/b1bcb2ae-1c5e-4031-a6ef-8c9754e6426a-860x516.jpg 860w, https:\/\/coffeefactorysk.cz\/wp-content\/uploads\/2023\/10\/b1bcb2ae-1c5e-4031-a6ef-8c9754e6426a-100x60.jpg 100w, https:\/\/coffeefactorysk.cz\/wp-content\/uploads\/2023\/10\/b1bcb2ae-1c5e-4031-a6ef-8c9754e6426a-430x258.jpg 430w, https:\/\/coffeefactorysk.cz\/wp-content\/uploads\/2023\/10\/b1bcb2ae-1c5e-4031-a6ef-8c9754e6426a-700x420.jpg 700w, https:\/\/coffeefactorysk.cz\/wp-content\/uploads\/2023\/10\/b1bcb2ae-1c5e-4031-a6ef-8c9754e6426a-150x90.jpg 150w\" sizes=\"(max-width: 1500px) 100vw, 1500px\" \/>\t\t\t\t\t<\/div>\n\t\t\t\t\t\t\t\t<h4 class=\"wd-timeline-title\"><\/h4>\n\t\t\t\t<div class=\"wd-timeline-content set-cont-mb-s reset-last-child\"><\/div>\n\t\t\t<\/div>\n\t\t\t\t\t<\/div>\n\t\t\t\t<div id=\"wd-651a128ecf218\" class=\"wd-timeline-breakpoint\">\n\t\t\t<span class=\"woodmart-timeline-breakpoint-title\">Vn\u00fatorn\u00e9 vybavenie<\/span>\n\t\t\t\t\t<\/div>\n\t\t\t\t<div id=\"wd-651a12fc6efae\" class=\"wd-timeline-item wd-item-position-right text-larger\">\n\n\t\t\t<div class=\"woodmart-timeline-dot\"><\/div>\n\n\t\t\t<div class=\"timeline-col timeline-col-primary\">\n\t\t\t\t<span class=\"timeline-arrow\"><\/span>\n\t\t\t\t\t\t\t\t<h4 class=\"wd-timeline-title\"><\/h4>\n\t\t\t\t<div class=\"wd-timeline-content set-cont-mb-s reset-last-child\"><\/p>\n<p style=\"text-align: left;\">Takmer v\u0161etky profesion\u00e1lne pr\u00edstroje na pr\u00edpravu k\u00e1vy s\u00fa \u0161tandardne vybaven\u00e9 pretlakov\u00fdm ventilom. N\u00e1\u0161 The OracleTM tie\u017e nie je v\u00fdnimkou. Tento plne komer\u010dn\u00fd prvok vymedzuje maxim\u00e1lny tlak, a to v priebehu celej extrakcie. T\u00fdm zabra\u0148uje mo\u017enej horkosti k\u00e1vy, ktor\u00e1 sa m\u00f4\u017ee objavi\u0165 pr\u00e1va v\u010faka ch\u00fdbaj\u00facemu pretlakov\u00e9mu ventilu, ke\u010f d\u00f4jde ku sp\u00e1leniu k\u00e1vy vo filtri.<br \/>\nDruhou funkciou pretlakov\u00e9ho ventilu je tzv. n\u00edzkotlakov\u00e9 predsparenie. V\u010faka tejto funkcii doch\u00e1dza k postupn\u00e9mu zvy\u0161ovaniu tlaku, ktor\u00fd sa tak rovnomerne rozprestrie po povrchu k\u00e1vy vo filtri, aby bola zabezpe\u010den\u00e1 maxim\u00e1lne rovnomern\u00e1 extrakcia k\u00e1vy.<\/p>\n<p><\/div>\n\t\t\t<\/div>\n\n\t\t\t<div class=\"timeline-col timeline-col-secondary\">\t\n\t\t\t\t<span class=\"timeline-arrow\"><\/span>\n\t\t\t\t\t\t\t\t\t<div class=\"wd-timeline-image\" >\n\t\t\t\t\t\t<img decoding=\"async\" width=\"2000\" height=\"1500\" src=\"https:\/\/coffeefactorysk.cz\/wp-content\/uploads\/2023\/10\/d0145494-5d06-46c6-aeb6-5f27e581159a.jpg\" class=\"attachment-full size-full\" alt=\"\" srcset=\"https:\/\/coffeefactorysk.cz\/wp-content\/uploads\/2023\/10\/d0145494-5d06-46c6-aeb6-5f27e581159a.jpg 2000w, https:\/\/coffeefactorysk.cz\/wp-content\/uploads\/2023\/10\/d0145494-5d06-46c6-aeb6-5f27e581159a-400x300.jpg 400w, https:\/\/coffeefactorysk.cz\/wp-content\/uploads\/2023\/10\/d0145494-5d06-46c6-aeb6-5f27e581159a-1067x800.jpg 1067w, https:\/\/coffeefactorysk.cz\/wp-content\/uploads\/2023\/10\/d0145494-5d06-46c6-aeb6-5f27e581159a-768x576.jpg 768w, https:\/\/coffeefactorysk.cz\/wp-content\/uploads\/2023\/10\/d0145494-5d06-46c6-aeb6-5f27e581159a-1536x1152.jpg 1536w, https:\/\/coffeefactorysk.cz\/wp-content\/uploads\/2023\/10\/d0145494-5d06-46c6-aeb6-5f27e581159a-860x645.jpg 860w, https:\/\/coffeefactorysk.cz\/wp-content\/uploads\/2023\/10\/d0145494-5d06-46c6-aeb6-5f27e581159a-100x75.jpg 100w, https:\/\/coffeefactorysk.cz\/wp-content\/uploads\/2023\/10\/d0145494-5d06-46c6-aeb6-5f27e581159a-430x323.jpg 430w, https:\/\/coffeefactorysk.cz\/wp-content\/uploads\/2023\/10\/d0145494-5d06-46c6-aeb6-5f27e581159a-700x525.jpg 700w, https:\/\/coffeefactorysk.cz\/wp-content\/uploads\/2023\/10\/d0145494-5d06-46c6-aeb6-5f27e581159a-150x113.jpg 150w\" sizes=\"(max-width: 2000px) 100vw, 2000px\" \/>\t\t\t\t\t<\/div>\n\t\t\t\t\t\t\t\t<h4 class=\"wd-timeline-title\"><\/h4>\n\t\t\t\t<div class=\"wd-timeline-content set-cont-mb-s reset-last-child\"><\/div>\n\t\t\t<\/div>\n\t\t\t\t\t<\/div>\n\t\t\t\t<div id=\"wd-651a13c98d9f4\" class=\"wd-timeline-breakpoint\">\n\t\t\t<span class=\"woodmart-timeline-breakpoint-title\">Elektronick\u00fd PID syst\u00e9m<\/span>\n\t\t\t\t\t<\/div>\n\t\t\t\t<div id=\"wd-651a13f43d2ac\" class=\"wd-timeline-item wd-item-position-left text-larger\">\n\n\t\t\t<div class=\"woodmart-timeline-dot\"><\/div>\n\n\t\t\t<div class=\"timeline-col timeline-col-primary\">\n\t\t\t\t<span class=\"timeline-arrow\"><\/span>\n\t\t\t\t\t\t\t\t<h4 class=\"wd-timeline-title\"><\/h4>\n\t\t\t\t<div class=\"wd-timeline-content set-cont-mb-s reset-last-child\"><\/p>\n<p style=\"text-align: left;\">Dokonal\u00e1 \u0161\u00e1lka k\u00e1vy je v\u00fdsledkom dokonalej kombin\u00e1cie nieko\u013ek\u00fdch vstupn\u00fdch faktorov \u2013 \u010derstvo namletej a spr\u00e1vne utla\u010denej k\u00e1vy, spr\u00e1vneho tlaku, nahriatej \u0161\u00e1lky a v neposlednom rade teploty vody. Kol\u00edsan\u00edm teploty po\u010das extrakcie doch\u00e1dza k strate peny a v\u00fdsledn\u00e1 k\u00e1va strat\u00ed svoju kr\u00e1snu k\u00e1vov\u00fa, resp. orie\u0161kov\u00fa farbu za p\u00e1r sek\u00fand. Profesion\u00e1lne espresso The OracleTM prich\u00e1dza s inovat\u00edvnou technol\u00f3giou kontroly teploty v priebehu celej extrakcie. Elektronick\u00fd PID syst\u00e9m zaznamen\u00e1va teplotu v priebehu celej doby extrakcie, vyrovn\u00e1va kol\u00edsanie teploty a zabezpe\u010duje jej stabilitu po\u010das cel\u00e9ho procesu.<\/p>\n<p><\/div>\n\t\t\t<\/div>\n\n\t\t\t<div class=\"timeline-col timeline-col-secondary\">\t\n\t\t\t\t<span class=\"timeline-arrow\"><\/span>\n\t\t\t\t\t\t\t\t\t<div class=\"wd-timeline-image\" >\n\t\t\t\t\t\t<img decoding=\"async\" width=\"2000\" height=\"1500\" src=\"https:\/\/coffeefactorysk.cz\/wp-content\/uploads\/2023\/10\/e0b7264a-9fb4-4d39-a88f-0981cba61321.jpg\" class=\"attachment-full size-full\" alt=\"\" srcset=\"https:\/\/coffeefactorysk.cz\/wp-content\/uploads\/2023\/10\/e0b7264a-9fb4-4d39-a88f-0981cba61321.jpg 2000w, https:\/\/coffeefactorysk.cz\/wp-content\/uploads\/2023\/10\/e0b7264a-9fb4-4d39-a88f-0981cba61321-400x300.jpg 400w, https:\/\/coffeefactorysk.cz\/wp-content\/uploads\/2023\/10\/e0b7264a-9fb4-4d39-a88f-0981cba61321-1067x800.jpg 1067w, https:\/\/coffeefactorysk.cz\/wp-content\/uploads\/2023\/10\/e0b7264a-9fb4-4d39-a88f-0981cba61321-768x576.jpg 768w, https:\/\/coffeefactorysk.cz\/wp-content\/uploads\/2023\/10\/e0b7264a-9fb4-4d39-a88f-0981cba61321-1536x1152.jpg 1536w, https:\/\/coffeefactorysk.cz\/wp-content\/uploads\/2023\/10\/e0b7264a-9fb4-4d39-a88f-0981cba61321-860x645.jpg 860w, https:\/\/coffeefactorysk.cz\/wp-content\/uploads\/2023\/10\/e0b7264a-9fb4-4d39-a88f-0981cba61321-100x75.jpg 100w, https:\/\/coffeefactorysk.cz\/wp-content\/uploads\/2023\/10\/e0b7264a-9fb4-4d39-a88f-0981cba61321-430x323.jpg 430w, https:\/\/coffeefactorysk.cz\/wp-content\/uploads\/2023\/10\/e0b7264a-9fb4-4d39-a88f-0981cba61321-700x525.jpg 700w, https:\/\/coffeefactorysk.cz\/wp-content\/uploads\/2023\/10\/e0b7264a-9fb4-4d39-a88f-0981cba61321-150x113.jpg 150w\" sizes=\"(max-width: 2000px) 100vw, 2000px\" \/>\t\t\t\t\t<\/div>\n\t\t\t\t\t\t\t\t<h4 class=\"wd-timeline-title\"><\/h4>\n\t\t\t\t<div class=\"wd-timeline-content set-cont-mb-s reset-last-child\"><\/div>\n\t\t\t<\/div>\n\t\t\t\t\t<\/div>\n\t\t\t\t<div id=\"wd-651a148799ca1\" class=\"wd-timeline-breakpoint\">\n\t\t\t<span class=\"woodmart-timeline-breakpoint-title\">Displej a \u0161peci\u00e1lne funkcie<\/span>\n\t\t\t\t\t<\/div>\n\t\t\t\t<div id=\"wd-651a15990f0f2\" class=\"wd-timeline-item wd-item-position-right text-larger\">\n\n\t\t\t<div class=\"woodmart-timeline-dot\"><\/div>\n\n\t\t\t<div class=\"timeline-col timeline-col-primary\">\n\t\t\t\t<span class=\"timeline-arrow\"><\/span>\n\t\t\t\t\t\t\t\t<h4 class=\"wd-timeline-title\"><\/h4>\n\t\t\t\t<div class=\"wd-timeline-content set-cont-mb-s reset-last-child\"><\/p>\n<p style=\"text-align: left;\">Na displeji si m\u00f4\u017eete navoli\u0165 ve\u013ekos\u0165 \u0161\u00e1lky Va\u0161ej ob\u013e\u00fabenej k\u00e1vy. R\u00fdchly ohrev, plnenie z\u00e1sobn\u00edka vodou spredu a zozadu, nastavenie hod\u00edn, automatick\u00e9 spustenie, mo\u017enos\u0165 odv\u00e1pnenia v dom\u00e1com prostred\u00ed, at\u010f., to v\u0161etko je len kr\u00e1tke zhrnutie vlastnost\u00ed a funkci\u00ed, ktor\u00fdmi je profesion\u00e1lne espresoo SAGE BES980 vybaven\u00e9.<\/p>\n<p>&nbsp;<\/p>\n<p>Pr\u00edstroj SAGE BES980 (The OracleTM) patr\u00ed k \u0161pi\u010dke vo svojej kateg\u00f3rii, a to v\u010faka \u0161peci\u00e1lne navrhnut\u00fdm funkci\u00e1m. Jednoducho a r\u00fdchlo si m\u00f4\u017eete upravi\u0165 teplotu extrahovanej k\u00e1vy, tlak pred sparen\u00edm a taktie\u017e aj dobu extrakcie k\u00e1vy. M\u00e1te mo\u017enos\u0165 nastavi\u0165 si hr\u00fabku mletia alebo teplotu mlieka. V\u010faka ovl\u00e1daciemu ventilu s prepadom (OPV) pr\u00edstroj zabr\u00e1ni maxim\u00e1lnemu pretlaku po\u010das extrakcie, \u010do zabra\u0148uje vzniku hork\u00fdch pr\u00edchut\u00ed vo Va\u0161ej k\u00e1ve. Pr\u00edstroj disponuje aj tzv. n\u00edzkotlakov\u00fdm predinf\u00faznym syst\u00e9mom, ktor\u00fd postupne zvy\u0161uje tlak pre rovnomern\u00fa extrakciu k\u00e1vy.<\/div>\n\t\t\t<\/div>\n\n\t\t\t<div class=\"timeline-col timeline-col-secondary\">\t\n\t\t\t\t<span class=\"timeline-arrow\"><\/span>\n\t\t\t\t\t\t\t\t\t<div class=\"wd-timeline-image\" >\n\t\t\t\t\t\t<img decoding=\"async\" width=\"2000\" height=\"1500\" src=\"https:\/\/coffeefactorysk.cz\/wp-content\/uploads\/2023\/10\/982729dc-9889-4ce3-bc5e-bde3e030493b.jpg\" class=\"attachment-full size-full\" alt=\"\" srcset=\"https:\/\/coffeefactorysk.cz\/wp-content\/uploads\/2023\/10\/982729dc-9889-4ce3-bc5e-bde3e030493b.jpg 2000w, https:\/\/coffeefactorysk.cz\/wp-content\/uploads\/2023\/10\/982729dc-9889-4ce3-bc5e-bde3e030493b-400x300.jpg 400w, https:\/\/coffeefactorysk.cz\/wp-content\/uploads\/2023\/10\/982729dc-9889-4ce3-bc5e-bde3e030493b-1067x800.jpg 1067w, https:\/\/coffeefactorysk.cz\/wp-content\/uploads\/2023\/10\/982729dc-9889-4ce3-bc5e-bde3e030493b-768x576.jpg 768w, https:\/\/coffeefactorysk.cz\/wp-content\/uploads\/2023\/10\/982729dc-9889-4ce3-bc5e-bde3e030493b-1536x1152.jpg 1536w, https:\/\/coffeefactorysk.cz\/wp-content\/uploads\/2023\/10\/982729dc-9889-4ce3-bc5e-bde3e030493b-860x645.jpg 860w, https:\/\/coffeefactorysk.cz\/wp-content\/uploads\/2023\/10\/982729dc-9889-4ce3-bc5e-bde3e030493b-100x75.jpg 100w, https:\/\/coffeefactorysk.cz\/wp-content\/uploads\/2023\/10\/982729dc-9889-4ce3-bc5e-bde3e030493b-430x323.jpg 430w, https:\/\/coffeefactorysk.cz\/wp-content\/uploads\/2023\/10\/982729dc-9889-4ce3-bc5e-bde3e030493b-700x525.jpg 700w, https:\/\/coffeefactorysk.cz\/wp-content\/uploads\/2023\/10\/982729dc-9889-4ce3-bc5e-bde3e030493b-150x113.jpg 150w\" sizes=\"(max-width: 2000px) 100vw, 2000px\" \/>\t\t\t\t\t<\/div>\n\t\t\t\t\t\t\t\t<h4 class=\"wd-timeline-title\"><\/h4>\n\t\t\t\t<div class=\"wd-timeline-content set-cont-mb-s reset-last-child\"><\/div>\n\t\t\t<\/div>\n\t\t\t\t\t<\/div>\n\t\t\t\t\t<\/div>\n\t\t\t\t\t<\/div>\n\t\t[\/vc_column][\/vc_row]<\/p>\n<\/div>","protected":false},"excerpt":{"rendered":"<pre id=\"tw-target-text\" class=\"tw-data-text tw-text-large tw-ta\" dir=\"ltr\" data-placeholder=\"Preklad\"><span class=\"Y2IQFc\" lang=\"sk\"><strong>Nemus\u00edte by\u0165 barista, aby ste pripravili dokonal\u00fa k\u00e1vu.<\/strong>\r\n\r\nV\u017edy, ke\u010f sa hovorilo o automatickom k\u00e1vovare, znamenalo to kompromis v chuti \u2013 to je u\u017e minulos\u0165.\r\nV\u00a0porovnan\u00ed s\u00a0plnoautomatick\u00fdmi pr\u00edstrojmi V\u00e1m st\u00e1le zost\u00e1va kontakt s\u00a0pr\u00edpravou Va\u0161ej ob\u013e\u00fabenej k\u00e1vy.\r\n\r\nThe Oracle<sup>TM<\/sup>\u00a0vytv\u00e1ra kvalitn\u00fa k\u00e1vu, ktor\u00e1 chut\u00ed ako vo Va\u0161ej ob\u013e\u00fabenej kaviarni. Syst\u00e9m Oracle<sup>TM<\/sup>\u00a0disponuje automatick\u00fdm mlet\u00edm, d\u00e1vkovan\u00edm a\u00a0utla\u010den\u00edm (tampovan\u00edm) k\u00e1vy.\r\n\r\nAutomatizuje naj\u0165a\u017e\u0161iu \u010das\u0165 ru\u010dnej pr\u00edpravy kvalitn\u00e9ho a\u00a0v\u00fdborn\u00e9ho espressa.\r\n\r\n\u200bM\u00f4\u017eete extrahova\u0165 espresso a\u00a0s\u00fa\u010dasne pripravova\u0165 mlieko, \u010do V\u00e1m umo\u017en\u00ed pripravi\u0165 Va\u0161e ob\u013e\u00faben\u00e9 latt\u00e9 alebo cappuccino za p\u00e1r sek\u00fand v\u00a0excelentnej kvalite.\r\n<\/span><\/pre>\n","protected":false},"featured_media":10966,"comment_status":"open","ping_status":"closed","template":"","meta":[],"product_cat":[173,174],"product_tag":[],"class_list":{"0":"post-10957","1":"product","2":"type-product","3":"status-publish","4":"has-post-thumbnail","6":"product_cat-kavovary","7":"product_cat-kavovary-a-mlynceky","9":"first","10":"instock","11":"taxable","12":"shipping-taxable","13":"product-type-simple"},"yoast_head":"<!-- This site is optimized with the Yoast SEO plugin v21.0 - https:\/\/yoast.com\/wordpress\/plugins\/seo\/ -->\n<title>Automatick\u00e9 p\u00e1kov\u00e9 espresso s mlyn\u010dekom BES980BSS - coffeefactory.sk<\/title>\n<meta name=\"robots\" content=\"index, follow, max-snippet:-1, max-image-preview:large, max-video-preview:-1\" \/>\n<link rel=\"canonical\" href=\"https:\/\/coffeefactorysk.cz\/produkt\/bes980bss\/\" \/>\n<meta property=\"og:locale\" content=\"en_US\" \/>\n<meta property=\"og:type\" content=\"article\" \/>\n<meta property=\"og:title\" content=\"Automatick\u00e9 p\u00e1kov\u00e9 espresso s mlyn\u010dekom BES980BSS - coffeefactory.sk\" \/>\n<meta property=\"og:description\" content=\"Nemus\u00edte by\u0165 barista, aby ste pripravili dokonal\u00fa k\u00e1vu.  V\u017edy, ke\u010f sa hovorilo o automatickom k\u00e1vovare, znamenalo to kompromis v chuti \u2013 to je u\u017e minulos\u0165. V\u00a0porovnan\u00ed s\u00a0plnoautomatick\u00fdmi pr\u00edstrojmi V\u00e1m st\u00e1le zost\u00e1va kontakt s\u00a0pr\u00edpravou Va\u0161ej ob\u013e\u00fabenej k\u00e1vy.  The OracleTM\u00a0vytv\u00e1ra kvalitn\u00fa k\u00e1vu, ktor\u00e1 chut\u00ed ako vo Va\u0161ej ob\u013e\u00fabenej kaviarni. Syst\u00e9m OracleTM\u00a0disponuje automatick\u00fdm mlet\u00edm, d\u00e1vkovan\u00edm a\u00a0utla\u010den\u00edm (tampovan\u00edm) k\u00e1vy.  Automatizuje naj\u0165a\u017e\u0161iu \u010das\u0165 ru\u010dnej pr\u00edpravy kvalitn\u00e9ho a\u00a0v\u00fdborn\u00e9ho espressa.  \u200bM\u00f4\u017eete extrahova\u0165 espresso a\u00a0s\u00fa\u010dasne pripravova\u0165 mlieko, \u010do V\u00e1m umo\u017en\u00ed pripravi\u0165 Va\u0161e ob\u013e\u00faben\u00e9 latt\u00e9 alebo cappuccino za p\u00e1r sek\u00fand v\u00a0excelentnej kvalite.\" \/>\n<meta property=\"og:url\" content=\"https:\/\/coffeefactorysk.cz\/produkt\/bes980bss\/\" \/>\n<meta property=\"og:site_name\" content=\"coffeefactory.sk\" \/>\n<meta property=\"article:modified_time\" content=\"2023-10-02T00:59:07+00:00\" \/>\n<meta property=\"og:image\" content=\"https:\/\/coffeefactorysk.cz\/wp-content\/uploads\/2023\/10\/cdf1b9f1-84a9-4eb7-b826-69701d2ef5b9.jpg\" \/>\n\t<meta property=\"og:image:width\" content=\"1700\" \/>\n\t<meta property=\"og:image:height\" content=\"1700\" \/>\n\t<meta property=\"og:image:type\" content=\"image\/jpeg\" \/>\n<meta name=\"twitter:card\" content=\"summary_large_image\" \/>\n<meta name=\"twitter:label1\" content=\"Est. reading time\" \/>\n\t<meta name=\"twitter:data1\" content=\"3 minutes\" \/>\n<script type=\"application\/ld+json\" class=\"yoast-schema-graph\">{\"@context\":\"https:\/\/schema.org\",\"@graph\":[{\"@type\":\"WebPage\",\"@id\":\"https:\/\/coffeefactorysk.cz\/produkt\/bes980bss\/\",\"url\":\"https:\/\/coffeefactorysk.cz\/produkt\/bes980bss\/\",\"name\":\"Automatick\u00e9 p\u00e1kov\u00e9 espresso s mlyn\u010dekom BES980BSS - coffeefactory.sk\",\"isPartOf\":{\"@id\":\"https:\/\/coffeefactorysk.cz\/#website\"},\"datePublished\":\"2023-10-01T22:39:59+00:00\",\"dateModified\":\"2023-10-02T00:59:07+00:00\",\"breadcrumb\":{\"@id\":\"https:\/\/coffeefactorysk.cz\/produkt\/bes980bss\/#breadcrumb\"},\"inLanguage\":\"en-US\",\"potentialAction\":[{\"@type\":\"ReadAction\",\"target\":[\"https:\/\/coffeefactorysk.cz\/produkt\/bes980bss\/\"]}]},{\"@type\":\"BreadcrumbList\",\"@id\":\"https:\/\/coffeefactorysk.cz\/produkt\/bes980bss\/#breadcrumb\",\"itemListElement\":[{\"@type\":\"ListItem\",\"position\":1,\"name\":\"Domovsk\u00e1 str\u00e1nka\",\"item\":\"https:\/\/coffeefactorysk.cz\/\"},{\"@type\":\"ListItem\",\"position\":2,\"name\":\"Produkty\",\"item\":\"https:\/\/coffeefactorysk.cz\/obchod\/\"},{\"@type\":\"ListItem\",\"position\":3,\"name\":\"Automatick\u00e9 p\u00e1kov\u00e9 espresso s mlyn\u010dekom BES980BSS\"}]},{\"@type\":\"WebSite\",\"@id\":\"https:\/\/coffeefactorysk.cz\/#website\",\"url\":\"https:\/\/coffeefactorysk.cz\/\",\"name\":\"coffeefactory.sk\",\"description\":\"Eshop s kvalitnou k\u00e1vou\",\"potentialAction\":[{\"@type\":\"SearchAction\",\"target\":{\"@type\":\"EntryPoint\",\"urlTemplate\":\"https:\/\/coffeefactorysk.cz\/?s={search_term_string}\"},\"query-input\":\"required name=search_term_string\"}],\"inLanguage\":\"en-US\"}]}<\/script>\n<!-- \/ Yoast SEO plugin. -->","yoast_head_json":{"title":"Automatick\u00e9 p\u00e1kov\u00e9 espresso s mlyn\u010dekom BES980BSS - coffeefactory.sk","robots":{"index":"index","follow":"follow","max-snippet":"max-snippet:-1","max-image-preview":"max-image-preview:large","max-video-preview":"max-video-preview:-1"},"canonical":"https:\/\/coffeefactorysk.cz\/produkt\/bes980bss\/","og_locale":"en_US","og_type":"article","og_title":"Automatick\u00e9 p\u00e1kov\u00e9 espresso s mlyn\u010dekom BES980BSS - coffeefactory.sk","og_description":"Nemus\u00edte by\u0165 barista, aby ste pripravili dokonal\u00fa k\u00e1vu.  V\u017edy, ke\u010f sa hovorilo o automatickom k\u00e1vovare, znamenalo to kompromis v chuti \u2013 to je u\u017e minulos\u0165. V\u00a0porovnan\u00ed s\u00a0plnoautomatick\u00fdmi pr\u00edstrojmi V\u00e1m st\u00e1le zost\u00e1va kontakt s\u00a0pr\u00edpravou Va\u0161ej ob\u013e\u00fabenej k\u00e1vy.  The OracleTM\u00a0vytv\u00e1ra kvalitn\u00fa k\u00e1vu, ktor\u00e1 chut\u00ed ako vo Va\u0161ej ob\u013e\u00fabenej kaviarni. Syst\u00e9m OracleTM\u00a0disponuje automatick\u00fdm mlet\u00edm, d\u00e1vkovan\u00edm a\u00a0utla\u010den\u00edm (tampovan\u00edm) k\u00e1vy.  Automatizuje naj\u0165a\u017e\u0161iu \u010das\u0165 ru\u010dnej pr\u00edpravy kvalitn\u00e9ho a\u00a0v\u00fdborn\u00e9ho espressa.  \u200bM\u00f4\u017eete extrahova\u0165 espresso a\u00a0s\u00fa\u010dasne pripravova\u0165 mlieko, \u010do V\u00e1m umo\u017en\u00ed pripravi\u0165 Va\u0161e ob\u013e\u00faben\u00e9 latt\u00e9 alebo cappuccino za p\u00e1r sek\u00fand v\u00a0excelentnej kvalite.","og_url":"https:\/\/coffeefactorysk.cz\/produkt\/bes980bss\/","og_site_name":"coffeefactory.sk","article_modified_time":"2023-10-02T00:59:07+00:00","og_image":[{"width":1700,"height":1700,"url":"https:\/\/coffeefactorysk.cz\/wp-content\/uploads\/2023\/10\/cdf1b9f1-84a9-4eb7-b826-69701d2ef5b9.jpg","type":"image\/jpeg"}],"twitter_card":"summary_large_image","twitter_misc":{"Est. reading time":"3 minutes"},"schema":{"@context":"https:\/\/schema.org","@graph":[{"@type":"WebPage","@id":"https:\/\/coffeefactorysk.cz\/produkt\/bes980bss\/","url":"https:\/\/coffeefactorysk.cz\/produkt\/bes980bss\/","name":"Automatick\u00e9 p\u00e1kov\u00e9 espresso s mlyn\u010dekom BES980BSS - coffeefactory.sk","isPartOf":{"@id":"https:\/\/coffeefactorysk.cz\/#website"},"datePublished":"2023-10-01T22:39:59+00:00","dateModified":"2023-10-02T00:59:07+00:00","breadcrumb":{"@id":"https:\/\/coffeefactorysk.cz\/produkt\/bes980bss\/#breadcrumb"},"inLanguage":"en-US","potentialAction":[{"@type":"ReadAction","target":["https:\/\/coffeefactorysk.cz\/produkt\/bes980bss\/"]}]},{"@type":"BreadcrumbList","@id":"https:\/\/coffeefactorysk.cz\/produkt\/bes980bss\/#breadcrumb","itemListElement":[{"@type":"ListItem","position":1,"name":"Domovsk\u00e1 str\u00e1nka","item":"https:\/\/coffeefactorysk.cz\/"},{"@type":"ListItem","position":2,"name":"Produkty","item":"https:\/\/coffeefactorysk.cz\/obchod\/"},{"@type":"ListItem","position":3,"name":"Automatick\u00e9 p\u00e1kov\u00e9 espresso s mlyn\u010dekom BES980BSS"}]},{"@type":"WebSite","@id":"https:\/\/coffeefactorysk.cz\/#website","url":"https:\/\/coffeefactorysk.cz\/","name":"coffeefactory.sk","description":"Eshop s kvalitnou k\u00e1vou","potentialAction":[{"@type":"SearchAction","target":{"@type":"EntryPoint","urlTemplate":"https:\/\/coffeefactorysk.cz\/?s={search_term_string}"},"query-input":"required name=search_term_string"}],"inLanguage":"en-US"}]}},"_links":{"self":[{"href":"https:\/\/coffeefactorysk.cz\/en\/wp-json\/wp\/v2\/product\/10957","targetHints":{"allow":["GET"]}}],"collection":[{"href":"https:\/\/coffeefactorysk.cz\/en\/wp-json\/wp\/v2\/product"}],"about":[{"href":"https:\/\/coffeefactorysk.cz\/en\/wp-json\/wp\/v2\/types\/product"}],"replies":[{"embeddable":true,"href":"https:\/\/coffeefactorysk.cz\/en\/wp-json\/wp\/v2\/comments?post=10957"}],"wp:featuredmedia":[{"embeddable":true,"href":"https:\/\/coffeefactorysk.cz\/en\/wp-json\/wp\/v2\/media\/10966"}],"wp:attachment":[{"href":"https:\/\/coffeefactorysk.cz\/en\/wp-json\/wp\/v2\/media?parent=10957"}],"wp:term":[{"taxonomy":"product_cat","embeddable":true,"href":"https:\/\/coffeefactorysk.cz\/en\/wp-json\/wp\/v2\/product_cat?post=10957"},{"taxonomy":"product_tag","embeddable":true,"href":"https:\/\/coffeefactorysk.cz\/en\/wp-json\/wp\/v2\/product_tag?post=10957"}],"curies":[{"name":"wp","href":"https:\/\/api.w.org\/{rel}","templated":true}]}}