{"id":10945,"date":"2023-10-02T00:31:04","date_gmt":"2023-10-01T22:31:04","guid":{"rendered":"https:\/\/coffeefactorysk.cz\/?post_type=product&#038;p=10945"},"modified":"2023-10-03T02:02:42","modified_gmt":"2023-10-03T00:02:42","slug":"cafitesse-c60","status":"publish","type":"product","link":"https:\/\/coffeefactorysk.cz\/en\/produkt\/cafitesse-c60\/","title":{"rendered":"CAFITESSE C60"},"content":{"rendered":"<div class=\"wpb-content-wrapper\"><p>[vc_row][vc_column][vc_column_text woodmart_inline=&#8221;no&#8221; text_larger=&#8221;no&#8221;]<\/p>\n<div class=\"row\">\n<div class=\"col-md-12\">\n<p>rozmery s\u00fa uv\u00e1dzan\u00e9 v centimetroch<\/p>\n<p>Pri v\u00fdbere<strong> zrnkovej k\u00e1vy<\/strong> na pr\u00edpravu kongresov a ra\u0148ajok odpor\u00fa\u010dame pou\u017ei\u0165 automatick\u00e9 k\u00e1vovary, pod\u013ea vy\u0165a\u017eenosti.<\/p>\n<ul>\n<li><strong><u>do 50<\/u><\/strong><u> \u013eud\u00ed odpor\u00fa\u010dame <strong>CAFITESSE C60<\/strong><\/u><\/li>\n<\/ul>\n<\/div>\n<\/div>\n<p>[\/vc_column_text][\/vc_column][\/vc_row]<\/p>\n<\/div>","protected":false},"excerpt":{"rendered":"<ul class=\"farbickovyUL\">\n<li>mo\u017enos\u0165 \u0161tyroch r\u00f4znych n\u00e1pojov + hor\u00faca voda<\/li>\n<li>verzia bez nutnosti napojenia na pevn\u00fd pr\u00edvod vody<\/li>\n<li>dva sloty (k\u00e1va + mlieko)<\/li>\n<li>napojenie 220v<\/li>\n<li>rozmery v:68\/\u0161:42\/h:40<\/li>\n<li>po\u017eadovan\u00fd priestorv:78\/\u0161:52\/h:50<\/li>\n<li>r\u00fdchly v\u00fddaj n\u00e1pojov (espresso 9 sek\u00fand\/cappuccino 14 sek\u00fand)<\/li>\n<li>jednoduch\u00e1 \u00fadr\u017eba<\/li>\n<\/ul>\n","protected":false},"featured_media":11113,"comment_status":"open","ping_status":"closed","template":"","meta":[],"product_cat":[173,174],"product_tag":[],"class_list":{"0":"post-10945","1":"product","2":"type-product","3":"status-publish","4":"has-post-thumbnail","6":"product_cat-kavovary","7":"product_cat-kavovary-a-mlynceky","9":"first","10":"instock","11":"taxable","12":"shipping-taxable","13":"product-type-simple"},"yoast_head":"<!-- This site is optimized with the Yoast SEO plugin v21.0 - https:\/\/yoast.com\/wordpress\/plugins\/seo\/ -->\n<title>CAFITESSE C60 - coffeefactory.sk<\/title>\n<meta name=\"robots\" content=\"index, follow, max-snippet:-1, max-image-preview:large, max-video-preview:-1\" \/>\n<link rel=\"canonical\" href=\"https:\/\/coffeefactorysk.cz\/produkt\/cafitesse-c60\/\" \/>\n<meta property=\"og:locale\" content=\"en_US\" \/>\n<meta property=\"og:type\" content=\"article\" \/>\n<meta property=\"og:title\" content=\"CAFITESSE C60 - coffeefactory.sk\" \/>\n<meta property=\"og:description\" content=\"mo\u017enos\u0165 \u0161tyroch r\u00f4znych n\u00e1pojov + hor\u00faca voda  verzia bez nutnosti napojenia na pevn\u00fd pr\u00edvod vody  dva sloty (k\u00e1va + mlieko)  napojenie 220v  rozmery v:68\/\u0161:42\/h:40  po\u017eadovan\u00fd priestorv:78\/\u0161:52\/h:50  r\u00fdchly v\u00fddaj n\u00e1pojov (espresso 9 sek\u00fand\/cappuccino 14 sek\u00fand)  jednoduch\u00e1 \u00fadr\u017eba\" \/>\n<meta property=\"og:url\" content=\"https:\/\/coffeefactorysk.cz\/produkt\/cafitesse-c60\/\" \/>\n<meta property=\"og:site_name\" content=\"coffeefactory.sk\" \/>\n<meta property=\"article:modified_time\" content=\"2023-10-03T00:02:42+00:00\" \/>\n<meta property=\"og:image\" content=\"https:\/\/coffeefactorysk.cz\/wp-content\/uploads\/2023\/10\/CF3.jpg\" \/>\n\t<meta property=\"og:image:width\" content=\"1700\" \/>\n\t<meta property=\"og:image:height\" content=\"1700\" \/>\n\t<meta property=\"og:image:type\" content=\"image\/jpeg\" \/>\n<meta name=\"twitter:card\" content=\"summary_large_image\" \/>\n<meta name=\"twitter:label1\" content=\"Est. reading time\" \/>\n\t<meta name=\"twitter:data1\" content=\"1 minute\" \/>\n<script type=\"application\/ld+json\" class=\"yoast-schema-graph\">{\"@context\":\"https:\/\/schema.org\",\"@graph\":[{\"@type\":\"WebPage\",\"@id\":\"https:\/\/coffeefactorysk.cz\/produkt\/cafitesse-c60\/\",\"url\":\"https:\/\/coffeefactorysk.cz\/produkt\/cafitesse-c60\/\",\"name\":\"CAFITESSE C60 - coffeefactory.sk\",\"isPartOf\":{\"@id\":\"https:\/\/coffeefactorysk.cz\/#website\"},\"datePublished\":\"2023-10-01T22:31:04+00:00\",\"dateModified\":\"2023-10-03T00:02:42+00:00\",\"breadcrumb\":{\"@id\":\"https:\/\/coffeefactorysk.cz\/produkt\/cafitesse-c60\/#breadcrumb\"},\"inLanguage\":\"en-US\",\"potentialAction\":[{\"@type\":\"ReadAction\",\"target\":[\"https:\/\/coffeefactorysk.cz\/produkt\/cafitesse-c60\/\"]}]},{\"@type\":\"BreadcrumbList\",\"@id\":\"https:\/\/coffeefactorysk.cz\/produkt\/cafitesse-c60\/#breadcrumb\",\"itemListElement\":[{\"@type\":\"ListItem\",\"position\":1,\"name\":\"Domovsk\u00e1 str\u00e1nka\",\"item\":\"https:\/\/coffeefactorysk.cz\/\"},{\"@type\":\"ListItem\",\"position\":2,\"name\":\"Produkty\",\"item\":\"https:\/\/coffeefactorysk.cz\/obchod\/\"},{\"@type\":\"ListItem\",\"position\":3,\"name\":\"CAFITESSE C60\"}]},{\"@type\":\"WebSite\",\"@id\":\"https:\/\/coffeefactorysk.cz\/#website\",\"url\":\"https:\/\/coffeefactorysk.cz\/\",\"name\":\"coffeefactory.sk\",\"description\":\"Eshop s kvalitnou k\u00e1vou\",\"potentialAction\":[{\"@type\":\"SearchAction\",\"target\":{\"@type\":\"EntryPoint\",\"urlTemplate\":\"https:\/\/coffeefactorysk.cz\/?s={search_term_string}\"},\"query-input\":\"required name=search_term_string\"}],\"inLanguage\":\"en-US\"}]}<\/script>\n<!-- \/ Yoast SEO plugin. -->","yoast_head_json":{"title":"CAFITESSE C60 - coffeefactory.sk","robots":{"index":"index","follow":"follow","max-snippet":"max-snippet:-1","max-image-preview":"max-image-preview:large","max-video-preview":"max-video-preview:-1"},"canonical":"https:\/\/coffeefactorysk.cz\/produkt\/cafitesse-c60\/","og_locale":"en_US","og_type":"article","og_title":"CAFITESSE C60 - coffeefactory.sk","og_description":"mo\u017enos\u0165 \u0161tyroch r\u00f4znych n\u00e1pojov + hor\u00faca voda  verzia bez nutnosti napojenia na pevn\u00fd pr\u00edvod vody  dva sloty (k\u00e1va + mlieko)  napojenie 220v  rozmery v:68\/\u0161:42\/h:40  po\u017eadovan\u00fd priestorv:78\/\u0161:52\/h:50  r\u00fdchly v\u00fddaj n\u00e1pojov (espresso 9 sek\u00fand\/cappuccino 14 sek\u00fand)  jednoduch\u00e1 \u00fadr\u017eba","og_url":"https:\/\/coffeefactorysk.cz\/produkt\/cafitesse-c60\/","og_site_name":"coffeefactory.sk","article_modified_time":"2023-10-03T00:02:42+00:00","og_image":[{"width":1700,"height":1700,"url":"https:\/\/coffeefactorysk.cz\/wp-content\/uploads\/2023\/10\/CF3.jpg","type":"image\/jpeg"}],"twitter_card":"summary_large_image","twitter_misc":{"Est. reading time":"1 minute"},"schema":{"@context":"https:\/\/schema.org","@graph":[{"@type":"WebPage","@id":"https:\/\/coffeefactorysk.cz\/produkt\/cafitesse-c60\/","url":"https:\/\/coffeefactorysk.cz\/produkt\/cafitesse-c60\/","name":"CAFITESSE C60 - coffeefactory.sk","isPartOf":{"@id":"https:\/\/coffeefactorysk.cz\/#website"},"datePublished":"2023-10-01T22:31:04+00:00","dateModified":"2023-10-03T00:02:42+00:00","breadcrumb":{"@id":"https:\/\/coffeefactorysk.cz\/produkt\/cafitesse-c60\/#breadcrumb"},"inLanguage":"en-US","potentialAction":[{"@type":"ReadAction","target":["https:\/\/coffeefactorysk.cz\/produkt\/cafitesse-c60\/"]}]},{"@type":"BreadcrumbList","@id":"https:\/\/coffeefactorysk.cz\/produkt\/cafitesse-c60\/#breadcrumb","itemListElement":[{"@type":"ListItem","position":1,"name":"Domovsk\u00e1 str\u00e1nka","item":"https:\/\/coffeefactorysk.cz\/"},{"@type":"ListItem","position":2,"name":"Produkty","item":"https:\/\/coffeefactorysk.cz\/obchod\/"},{"@type":"ListItem","position":3,"name":"CAFITESSE C60"}]},{"@type":"WebSite","@id":"https:\/\/coffeefactorysk.cz\/#website","url":"https:\/\/coffeefactorysk.cz\/","name":"coffeefactory.sk","description":"Eshop s kvalitnou k\u00e1vou","potentialAction":[{"@type":"SearchAction","target":{"@type":"EntryPoint","urlTemplate":"https:\/\/coffeefactorysk.cz\/?s={search_term_string}"},"query-input":"required name=search_term_string"}],"inLanguage":"en-US"}]}},"_links":{"self":[{"href":"https:\/\/coffeefactorysk.cz\/en\/wp-json\/wp\/v2\/product\/10945","targetHints":{"allow":["GET"]}}],"collection":[{"href":"https:\/\/coffeefactorysk.cz\/en\/wp-json\/wp\/v2\/product"}],"about":[{"href":"https:\/\/coffeefactorysk.cz\/en\/wp-json\/wp\/v2\/types\/product"}],"replies":[{"embeddable":true,"href":"https:\/\/coffeefactorysk.cz\/en\/wp-json\/wp\/v2\/comments?post=10945"}],"wp:featuredmedia":[{"embeddable":true,"href":"https:\/\/coffeefactorysk.cz\/en\/wp-json\/wp\/v2\/media\/11113"}],"wp:attachment":[{"href":"https:\/\/coffeefactorysk.cz\/en\/wp-json\/wp\/v2\/media?parent=10945"}],"wp:term":[{"taxonomy":"product_cat","embeddable":true,"href":"https:\/\/coffeefactorysk.cz\/en\/wp-json\/wp\/v2\/product_cat?post=10945"},{"taxonomy":"product_tag","embeddable":true,"href":"https:\/\/coffeefactorysk.cz\/en\/wp-json\/wp\/v2\/product_tag?post=10945"}],"curies":[{"name":"wp","href":"https:\/\/api.w.org\/{rel}","templated":true}]}}