{"id":10944,"date":"2023-10-02T00:23:45","date_gmt":"2023-10-01T22:23:45","guid":{"rendered":"https:\/\/coffeefactorysk.cz\/?post_type=product&#038;p=10944"},"modified":"2023-10-03T02:02:28","modified_gmt":"2023-10-03T00:02:28","slug":"postmix-space","status":"publish","type":"product","link":"https:\/\/coffeefactorysk.cz\/en\/produkt\/postmix-space\/","title":{"rendered":"Postmix SPACE"},"content":{"rendered":"<div class=\"wpb-content-wrapper\"><p>[vc_row][vc_column][vc_column_text woodmart_inline=&#8221;no&#8221; text_larger=&#8221;no&#8221;]<\/p>\n<div class=\"row\">\n<div class=\"col-md-12\">\n<p>Pon\u00fakame komplexn\u00e9 rie\u0161enie od v\u00fdberu doporu\u010den\u00fdch produktov, technol\u00f3gi\u00ed, komunika\u010dn\u00fdch materi\u00e1lov v mieste pod\u00e1vania, a\u017e po servis a podporu. Na\u0161im partnerom naviac pon\u00fakame v\u00fdvoj vlastn\u00fdch produktov presne pod\u013ea ich po\u017eiadaviek.<\/p>\n<\/div>\n<\/div>\n<p>[\/vc_column_text][\/vc_column][\/vc_row]<\/p>\n<\/div>","protected":false},"excerpt":{"rendered":"<ul class=\"farbickovyUL\">\n<li>Elegantn\u00fd v\u00fddajn\u00fd syst\u00e9m pre 2 a 3 druhy n\u00e1poja a vody<\/li>\n<li>\u00a0Unik\u00e1tna \u0161\u00ed\u0159ka len 30cm ho predur\u010duje pre ak\u00fako\u013evek prev\u00e1dzku<\/li>\n<li>\u00a0Otv\u00e1ranie zpredu umo\u017e\u0148uje ide\u00e1lne dop\u013a\u0148anie a sanit\u00e1ciu<\/li>\n<li>\u00a0Mo\u017enost polepu pod\u013ea interi\u00e9ru re\u0161taur\u00e1cie<\/li>\n<li>\u00a0Uzamknutie postmixu<\/li>\n<\/ul>\n","protected":false},"featured_media":11117,"comment_status":"open","ping_status":"closed","template":"","meta":[],"product_cat":[173,174],"product_tag":[],"class_list":{"0":"post-10944","1":"product","2":"type-product","3":"status-publish","4":"has-post-thumbnail","6":"product_cat-kavovary","7":"product_cat-kavovary-a-mlynceky","9":"first","10":"instock","11":"taxable","12":"shipping-taxable","13":"product-type-simple"},"yoast_head":"<!-- This site is optimized with the Yoast SEO plugin v21.0 - https:\/\/yoast.com\/wordpress\/plugins\/seo\/ -->\n<title>Postmix SPACE - coffeefactory.sk<\/title>\n<meta name=\"robots\" content=\"index, follow, max-snippet:-1, max-image-preview:large, max-video-preview:-1\" \/>\n<link rel=\"canonical\" href=\"https:\/\/coffeefactorysk.cz\/produkt\/postmix-space\/\" \/>\n<meta property=\"og:locale\" content=\"en_US\" \/>\n<meta property=\"og:type\" content=\"article\" \/>\n<meta property=\"og:title\" content=\"Postmix SPACE - coffeefactory.sk\" \/>\n<meta property=\"og:description\" content=\"Elegantn\u00fd v\u00fddajn\u00fd syst\u00e9m pre 2 a 3 druhy n\u00e1poja a vody  \u00a0Unik\u00e1tna \u0161\u00ed\u0159ka len 30cm ho predur\u010duje pre ak\u00fako\u013evek prev\u00e1dzku  \u00a0Otv\u00e1ranie zpredu umo\u017e\u0148uje ide\u00e1lne dop\u013a\u0148anie a sanit\u00e1ciu  \u00a0Mo\u017enost polepu pod\u013ea interi\u00e9ru re\u0161taur\u00e1cie  \u00a0Uzamknutie postmixu\" \/>\n<meta property=\"og:url\" content=\"https:\/\/coffeefactorysk.cz\/produkt\/postmix-space\/\" \/>\n<meta property=\"og:site_name\" content=\"coffeefactory.sk\" \/>\n<meta property=\"article:modified_time\" content=\"2023-10-03T00:02:28+00:00\" \/>\n<meta property=\"og:image\" content=\"https:\/\/coffeefactorysk.cz\/wp-content\/uploads\/2023\/10\/CF5.jpg\" \/>\n\t<meta property=\"og:image:width\" content=\"1700\" \/>\n\t<meta property=\"og:image:height\" content=\"1700\" \/>\n\t<meta property=\"og:image:type\" content=\"image\/jpeg\" \/>\n<meta name=\"twitter:card\" content=\"summary_large_image\" \/>\n<meta name=\"twitter:label1\" content=\"Est. reading time\" \/>\n\t<meta name=\"twitter:data1\" content=\"1 minute\" \/>\n<script type=\"application\/ld+json\" class=\"yoast-schema-graph\">{\"@context\":\"https:\/\/schema.org\",\"@graph\":[{\"@type\":\"WebPage\",\"@id\":\"https:\/\/coffeefactorysk.cz\/produkt\/postmix-space\/\",\"url\":\"https:\/\/coffeefactorysk.cz\/produkt\/postmix-space\/\",\"name\":\"Postmix SPACE - coffeefactory.sk\",\"isPartOf\":{\"@id\":\"https:\/\/coffeefactorysk.cz\/#website\"},\"datePublished\":\"2023-10-01T22:23:45+00:00\",\"dateModified\":\"2023-10-03T00:02:28+00:00\",\"breadcrumb\":{\"@id\":\"https:\/\/coffeefactorysk.cz\/produkt\/postmix-space\/#breadcrumb\"},\"inLanguage\":\"en-US\",\"potentialAction\":[{\"@type\":\"ReadAction\",\"target\":[\"https:\/\/coffeefactorysk.cz\/produkt\/postmix-space\/\"]}]},{\"@type\":\"BreadcrumbList\",\"@id\":\"https:\/\/coffeefactorysk.cz\/produkt\/postmix-space\/#breadcrumb\",\"itemListElement\":[{\"@type\":\"ListItem\",\"position\":1,\"name\":\"Domovsk\u00e1 str\u00e1nka\",\"item\":\"https:\/\/coffeefactorysk.cz\/\"},{\"@type\":\"ListItem\",\"position\":2,\"name\":\"Produkty\",\"item\":\"https:\/\/coffeefactorysk.cz\/obchod\/\"},{\"@type\":\"ListItem\",\"position\":3,\"name\":\"Postmix SPACE\"}]},{\"@type\":\"WebSite\",\"@id\":\"https:\/\/coffeefactorysk.cz\/#website\",\"url\":\"https:\/\/coffeefactorysk.cz\/\",\"name\":\"coffeefactory.sk\",\"description\":\"Eshop s kvalitnou k\u00e1vou\",\"potentialAction\":[{\"@type\":\"SearchAction\",\"target\":{\"@type\":\"EntryPoint\",\"urlTemplate\":\"https:\/\/coffeefactorysk.cz\/?s={search_term_string}\"},\"query-input\":\"required name=search_term_string\"}],\"inLanguage\":\"en-US\"}]}<\/script>\n<!-- \/ Yoast SEO plugin. -->","yoast_head_json":{"title":"Postmix SPACE - coffeefactory.sk","robots":{"index":"index","follow":"follow","max-snippet":"max-snippet:-1","max-image-preview":"max-image-preview:large","max-video-preview":"max-video-preview:-1"},"canonical":"https:\/\/coffeefactorysk.cz\/produkt\/postmix-space\/","og_locale":"en_US","og_type":"article","og_title":"Postmix SPACE - coffeefactory.sk","og_description":"Elegantn\u00fd v\u00fddajn\u00fd syst\u00e9m pre 2 a 3 druhy n\u00e1poja a vody  \u00a0Unik\u00e1tna \u0161\u00ed\u0159ka len 30cm ho predur\u010duje pre ak\u00fako\u013evek prev\u00e1dzku  \u00a0Otv\u00e1ranie zpredu umo\u017e\u0148uje ide\u00e1lne dop\u013a\u0148anie a sanit\u00e1ciu  \u00a0Mo\u017enost polepu pod\u013ea interi\u00e9ru re\u0161taur\u00e1cie  \u00a0Uzamknutie postmixu","og_url":"https:\/\/coffeefactorysk.cz\/produkt\/postmix-space\/","og_site_name":"coffeefactory.sk","article_modified_time":"2023-10-03T00:02:28+00:00","og_image":[{"width":1700,"height":1700,"url":"https:\/\/coffeefactorysk.cz\/wp-content\/uploads\/2023\/10\/CF5.jpg","type":"image\/jpeg"}],"twitter_card":"summary_large_image","twitter_misc":{"Est. reading time":"1 minute"},"schema":{"@context":"https:\/\/schema.org","@graph":[{"@type":"WebPage","@id":"https:\/\/coffeefactorysk.cz\/produkt\/postmix-space\/","url":"https:\/\/coffeefactorysk.cz\/produkt\/postmix-space\/","name":"Postmix SPACE - coffeefactory.sk","isPartOf":{"@id":"https:\/\/coffeefactorysk.cz\/#website"},"datePublished":"2023-10-01T22:23:45+00:00","dateModified":"2023-10-03T00:02:28+00:00","breadcrumb":{"@id":"https:\/\/coffeefactorysk.cz\/produkt\/postmix-space\/#breadcrumb"},"inLanguage":"en-US","potentialAction":[{"@type":"ReadAction","target":["https:\/\/coffeefactorysk.cz\/produkt\/postmix-space\/"]}]},{"@type":"BreadcrumbList","@id":"https:\/\/coffeefactorysk.cz\/produkt\/postmix-space\/#breadcrumb","itemListElement":[{"@type":"ListItem","position":1,"name":"Domovsk\u00e1 str\u00e1nka","item":"https:\/\/coffeefactorysk.cz\/"},{"@type":"ListItem","position":2,"name":"Produkty","item":"https:\/\/coffeefactorysk.cz\/obchod\/"},{"@type":"ListItem","position":3,"name":"Postmix SPACE"}]},{"@type":"WebSite","@id":"https:\/\/coffeefactorysk.cz\/#website","url":"https:\/\/coffeefactorysk.cz\/","name":"coffeefactory.sk","description":"Eshop s kvalitnou k\u00e1vou","potentialAction":[{"@type":"SearchAction","target":{"@type":"EntryPoint","urlTemplate":"https:\/\/coffeefactorysk.cz\/?s={search_term_string}"},"query-input":"required name=search_term_string"}],"inLanguage":"en-US"}]}},"_links":{"self":[{"href":"https:\/\/coffeefactorysk.cz\/en\/wp-json\/wp\/v2\/product\/10944","targetHints":{"allow":["GET"]}}],"collection":[{"href":"https:\/\/coffeefactorysk.cz\/en\/wp-json\/wp\/v2\/product"}],"about":[{"href":"https:\/\/coffeefactorysk.cz\/en\/wp-json\/wp\/v2\/types\/product"}],"replies":[{"embeddable":true,"href":"https:\/\/coffeefactorysk.cz\/en\/wp-json\/wp\/v2\/comments?post=10944"}],"wp:featuredmedia":[{"embeddable":true,"href":"https:\/\/coffeefactorysk.cz\/en\/wp-json\/wp\/v2\/media\/11117"}],"wp:attachment":[{"href":"https:\/\/coffeefactorysk.cz\/en\/wp-json\/wp\/v2\/media?parent=10944"}],"wp:term":[{"taxonomy":"product_cat","embeddable":true,"href":"https:\/\/coffeefactorysk.cz\/en\/wp-json\/wp\/v2\/product_cat?post=10944"},{"taxonomy":"product_tag","embeddable":true,"href":"https:\/\/coffeefactorysk.cz\/en\/wp-json\/wp\/v2\/product_tag?post=10944"}],"curies":[{"name":"wp","href":"https:\/\/api.w.org\/{rel}","templated":true}]}}